{"id":41,"date":"2015-06-01T11:49:11","date_gmt":"2015-06-01T11:49:11","guid":{"rendered":"http:\/\/atelier.swiftideas.com\/porter-demo\/?page_id=41"},"modified":"2019-11-20T15:48:03","modified_gmt":"2019-11-20T15:48:03","slug":"contacto","status":"publish","type":"page","link":"https:\/\/escolofi.com\/store\/contacto\/","title":{"rendered":"Contacto"},"content":{"rendered":"<div class=\"wpb-content-wrapper\">[vc_row][vc_column][vc_empty_space height=&#8221;100px&#8221;][\/vc_column][\/vc_row][vc_row][vc_column width=&#8221;1\/2&#8243;][vc_custom_heading text=&#8221;ATENCI\u00d3N AL CLIENTE&#8221;][mk_divider style=&#8221;thin_solid&#8221; thin_single_color=&#8221;#000000&#8243; margin_top=&#8221;0&#8243; margin_bottom=&#8221;30&#8243;][vc_column_text css=&#8221;.vc_custom_1574264813322{margin-bottom: 0px !important;}&#8221;]Para poder resolver cualquier duda que tengas con la mayor rapidez hemos preparado esta informaci\u00f3n para poder ayudarte.<\/p>\n<p>Si tu duda es sobre nuestra <b>pol\u00edtica de env\u00edos y devoluciones<\/b> te animamos a hacer <strong><a href=\"#\">clic aqu\u00ed.<\/a><\/strong><\/p>\n<p>Si tu duda es sobre cualquier otro tema, te animamos a visitar nuestra secci\u00f3n de <b>preguntas frecuentes<\/b> haciendo <strong><a href=\"#\">clic aqu\u00ed.<\/a><\/strong><\/p>\n<p>Si tu duda es sobre cualquier otro tema ponte en contacto con nosotros a trav\u00e9s del formulario que aparece aqu\u00ed o envi\u00e1ndonos un correo a <strong><a href=\"mailto:info@escolofi.com\">info@escolofi.com<\/a>.<\/strong> Estaremos encantados de poder ayudarte![\/vc_column_text][\/vc_column][vc_column width=&#8221;1\/2&#8243;][vc_custom_heading text=&#8221;ENV\u00cdANOS TU CONSULTA&#8221;][mk_divider style=&#8221;thin_solid&#8221; thin_single_color=&#8221;#000000&#8243; margin_top=&#8221;0&#8243; margin_bottom=&#8221;30&#8243;]\n<div class=\"wpcf7 no-js\" id=\"wpcf7-f4-o1\" lang=\"en-US\" dir=\"ltr\" data-wpcf7-id=\"4\">\n<div class=\"screen-reader-response\"><p role=\"status\" aria-live=\"polite\" aria-atomic=\"true\"><\/p> <ul><\/ul><\/div>\n<form action=\"\/store\/wp-json\/wp\/v2\/pages\/41#wpcf7-f4-o1\" method=\"post\" class=\"wpcf7-form init\" aria-label=\"Contact form\" novalidate=\"novalidate\" data-status=\"init\">\n<fieldset class=\"hidden-fields-container\"><input type=\"hidden\" name=\"_wpcf7\" value=\"4\" \/><input type=\"hidden\" name=\"_wpcf7_version\" value=\"6.1.4\" \/><input type=\"hidden\" name=\"_wpcf7_locale\" value=\"en_US\" \/><input type=\"hidden\" name=\"_wpcf7_unit_tag\" value=\"wpcf7-f4-o1\" \/><input type=\"hidden\" name=\"_wpcf7_container_post\" value=\"0\" \/><input type=\"hidden\" name=\"_wpcf7_posted_data_hash\" value=\"\" \/><input type=\"hidden\" name=\"_wpcf7_recaptcha_response\" value=\"\" \/>\n<\/fieldset>\n<p><label> Tu nombre (requerido)<br \/>\n<span class=\"wpcf7-form-control-wrap\" data-name=\"your-name\"><input size=\"40\" maxlength=\"400\" class=\"wpcf7-form-control wpcf7-text wpcf7-validates-as-required\" aria-required=\"true\" aria-invalid=\"false\" value=\"\" type=\"text\" name=\"your-name\" \/><\/span><br \/>\n<\/label>\n<\/p>\n<p><label> Tu email (requerido)<br \/>\n<span class=\"wpcf7-form-control-wrap\" data-name=\"your-email\"><input size=\"40\" maxlength=\"400\" class=\"wpcf7-form-control wpcf7-email wpcf7-validates-as-required wpcf7-text wpcf7-validates-as-email\" aria-required=\"true\" aria-invalid=\"false\" value=\"\" type=\"email\" name=\"your-email\" \/><\/span><br \/>\n<\/label>\n<\/p>\n<p><label> Asunto<br \/>\n<span class=\"wpcf7-form-control-wrap\" data-name=\"your-subject\"><input size=\"40\" maxlength=\"400\" class=\"wpcf7-form-control wpcf7-text\" aria-invalid=\"false\" value=\"\" type=\"text\" name=\"your-subject\" \/><\/span><br \/>\n<\/label>\n<\/p>\n<p><label> Tu mensaje<br \/>\n<span class=\"wpcf7-form-control-wrap\" data-name=\"your-message\"><textarea cols=\"40\" rows=\"10\" maxlength=\"2000\" class=\"wpcf7-form-control wpcf7-textarea\" aria-invalid=\"false\" name=\"your-message\"><\/textarea><\/span><br \/>\n<\/label>\n<\/p>\n<p><input class=\"wpcf7-form-control wpcf7-submit has-spinner\" type=\"submit\" value=\"Enviar\" \/>\n<\/p><div class=\"wpcf7-response-output\" aria-hidden=\"true\"><\/div>\n<\/form>\n<\/div>\n[\/vc_column][\/vc_row][vc_row][vc_column][vc_empty_space height=&#8221;100px&#8221;][\/vc_column][\/vc_row]\n<\/div>","protected":false},"excerpt":{"rendered":"<p>[vc_row][vc_column][vc_empty_space height=&#8221;100px&#8221;][\/vc_column][\/vc_row][vc_row][vc_column width=&#8221;1\/2&#8243;][vc_custom_heading text=&#8221;ATENCI\u00d3N AL CLIENTE&#8221;][mk_divider style=&#8221;thin_solid&#8221; thin_single_color=&#8221;#000000&#8243; margin_top=&#8221;0&#8243; margin_bottom=&#8221;30&#8243;][vc_column_text css=&#8221;.vc_custom_1574264813322{margin-bottom: 0px !important;}&#8221;]Para poder resolver cualquier duda que tengas con la mayor rapidez hemos preparado esta informaci\u00f3n para poder ayudarte. Si tu duda es sobre nuestra pol\u00edtica de env\u00edos y devoluciones te animamos a hacer clic aqu\u00ed. Si tu duda es sobre cualquier otro tema, [&hellip;]<\/p>\n","protected":false},"author":61,"featured_media":0,"parent":0,"menu_order":0,"comment_status":"open","ping_status":"closed","template":"","meta":{"footnotes":""},"class_list":["post-41","page","type-page","status-publish","hentry"],"yoast_head":"<!-- This site is optimized with the Yoast SEO plugin v26.9 - https:\/\/yoast.com\/product\/yoast-seo-wordpress\/ -->\n<title>Contacto Escolofi Gallery | Escolofi Gallery libretas creativas<\/title>\n<meta name=\"description\" content=\"Contacto Escolofi Gallery. Contacta con atenci\u00f3n al cliente para poder resolver cualquier duda e informarte sobre las libretas creativas Escolofi Gallery.\" \/>\n<meta name=\"robots\" content=\"index, follow, max-snippet:-1, max-image-preview:large, max-video-preview:-1\" \/>\n<link rel=\"canonical\" href=\"https:\/\/escolofi.com\/store\/contacto\/\" \/>\n<meta property=\"og:locale\" content=\"es_ES\" \/>\n<meta property=\"og:type\" content=\"article\" \/>\n<meta property=\"og:title\" content=\"Contacto Escolofi Gallery | Escolofi Gallery libretas creativas\" \/>\n<meta property=\"og:description\" content=\"Contacto Escolofi Gallery. Contacta con atenci\u00f3n al cliente para poder resolver cualquier duda e informarte sobre las libretas creativas Escolofi Gallery.\" \/>\n<meta property=\"og:url\" content=\"https:\/\/escolofi.com\/store\/contacto\/\" \/>\n<meta property=\"og:site_name\" content=\"Tienda Escolofi\" \/>\n<meta property=\"article:publisher\" content=\"https:\/\/www.facebook.com\/escolofi\" \/>\n<meta property=\"article:modified_time\" content=\"2019-11-20T15:48:03+00:00\" \/>\n<meta name=\"twitter:card\" content=\"summary_large_image\" \/>\n<meta name=\"twitter:site\" content=\"@escolofi\" \/>\n<meta name=\"twitter:label1\" content=\"Tiempo de lectura\" \/>\n\t<meta name=\"twitter:data1\" content=\"1 minuto\" \/>\n<script type=\"application\/ld+json\" class=\"yoast-schema-graph\">{\"@context\":\"https:\/\/schema.org\",\"@graph\":[{\"@type\":\"WebPage\",\"@id\":\"https:\/\/escolofi.com\/store\/contacto\/\",\"url\":\"https:\/\/escolofi.com\/store\/contacto\/\",\"name\":\"Contacto Escolofi Gallery | Escolofi Gallery libretas creativas\",\"isPartOf\":{\"@id\":\"https:\/\/escolofi.com\/store\/#website\"},\"datePublished\":\"2015-06-01T11:49:11+00:00\",\"dateModified\":\"2019-11-20T15:48:03+00:00\",\"description\":\"Contacto Escolofi Gallery. Contacta con atenci\u00f3n al cliente para poder resolver cualquier duda e informarte sobre las libretas creativas Escolofi Gallery.\",\"breadcrumb\":{\"@id\":\"https:\/\/escolofi.com\/store\/contacto\/#breadcrumb\"},\"inLanguage\":\"es\",\"potentialAction\":[{\"@type\":\"ReadAction\",\"target\":[\"https:\/\/escolofi.com\/store\/contacto\/\"]}]},{\"@type\":\"BreadcrumbList\",\"@id\":\"https:\/\/escolofi.com\/store\/contacto\/#breadcrumb\",\"itemListElement\":[{\"@type\":\"ListItem\",\"position\":1,\"name\":\"Portada\",\"item\":\"https:\/\/escolofi.com\/store\/\"},{\"@type\":\"ListItem\",\"position\":2,\"name\":\"Contacto\"}]},{\"@type\":\"WebSite\",\"@id\":\"https:\/\/escolofi.com\/store\/#website\",\"url\":\"https:\/\/escolofi.com\/store\/\",\"name\":\"Escolofi Gallery\",\"description\":\"\",\"publisher\":{\"@id\":\"https:\/\/escolofi.com\/store\/#organization\"},\"potentialAction\":[{\"@type\":\"SearchAction\",\"target\":{\"@type\":\"EntryPoint\",\"urlTemplate\":\"https:\/\/escolofi.com\/store\/?s={search_term_string}\"},\"query-input\":{\"@type\":\"PropertyValueSpecification\",\"valueRequired\":true,\"valueName\":\"search_term_string\"}}],\"inLanguage\":\"es\"},{\"@type\":\"Organization\",\"@id\":\"https:\/\/escolofi.com\/store\/#organization\",\"name\":\"Escolofi Gallery\",\"url\":\"https:\/\/escolofi.com\/store\/\",\"logo\":{\"@type\":\"ImageObject\",\"inLanguage\":\"es\",\"@id\":\"https:\/\/escolofi.com\/store\/#\/schema\/logo\/image\/\",\"url\":\"https:\/\/escolofi.com\/store\/wp-content\/uploads\/2019\/10\/Logo-EscoGallery.png\",\"contentUrl\":\"https:\/\/escolofi.com\/store\/wp-content\/uploads\/2019\/10\/Logo-EscoGallery.png\",\"width\":149,\"height\":75,\"caption\":\"Escolofi Gallery\"},\"image\":{\"@id\":\"https:\/\/escolofi.com\/store\/#\/schema\/logo\/image\/\"},\"sameAs\":[\"https:\/\/www.facebook.com\/escolofi\",\"https:\/\/x.com\/escolofi\",\"https:\/\/www.instagram.com\/escolofigallery\/\",\"https:\/\/www.youtube.com\/channel\/UCmyVeNxKyzFk7lL0oxHhVRw\"]}]}<\/script>\n<!-- \/ Yoast SEO plugin. -->","yoast_head_json":{"title":"Contacto Escolofi Gallery | Escolofi Gallery libretas creativas","description":"Contacto Escolofi Gallery. Contacta con atenci\u00f3n al cliente para poder resolver cualquier duda e informarte sobre las libretas creativas Escolofi Gallery.","robots":{"index":"index","follow":"follow","max-snippet":"max-snippet:-1","max-image-preview":"max-image-preview:large","max-video-preview":"max-video-preview:-1"},"canonical":"https:\/\/escolofi.com\/store\/contacto\/","og_locale":"es_ES","og_type":"article","og_title":"Contacto Escolofi Gallery | Escolofi Gallery libretas creativas","og_description":"Contacto Escolofi Gallery. Contacta con atenci\u00f3n al cliente para poder resolver cualquier duda e informarte sobre las libretas creativas Escolofi Gallery.","og_url":"https:\/\/escolofi.com\/store\/contacto\/","og_site_name":"Tienda Escolofi","article_publisher":"https:\/\/www.facebook.com\/escolofi","article_modified_time":"2019-11-20T15:48:03+00:00","twitter_card":"summary_large_image","twitter_site":"@escolofi","twitter_misc":{"Tiempo de lectura":"1 minuto"},"schema":{"@context":"https:\/\/schema.org","@graph":[{"@type":"WebPage","@id":"https:\/\/escolofi.com\/store\/contacto\/","url":"https:\/\/escolofi.com\/store\/contacto\/","name":"Contacto Escolofi Gallery | Escolofi Gallery libretas creativas","isPartOf":{"@id":"https:\/\/escolofi.com\/store\/#website"},"datePublished":"2015-06-01T11:49:11+00:00","dateModified":"2019-11-20T15:48:03+00:00","description":"Contacto Escolofi Gallery. Contacta con atenci\u00f3n al cliente para poder resolver cualquier duda e informarte sobre las libretas creativas Escolofi Gallery.","breadcrumb":{"@id":"https:\/\/escolofi.com\/store\/contacto\/#breadcrumb"},"inLanguage":"es","potentialAction":[{"@type":"ReadAction","target":["https:\/\/escolofi.com\/store\/contacto\/"]}]},{"@type":"BreadcrumbList","@id":"https:\/\/escolofi.com\/store\/contacto\/#breadcrumb","itemListElement":[{"@type":"ListItem","position":1,"name":"Portada","item":"https:\/\/escolofi.com\/store\/"},{"@type":"ListItem","position":2,"name":"Contacto"}]},{"@type":"WebSite","@id":"https:\/\/escolofi.com\/store\/#website","url":"https:\/\/escolofi.com\/store\/","name":"Escolofi Gallery","description":"","publisher":{"@id":"https:\/\/escolofi.com\/store\/#organization"},"potentialAction":[{"@type":"SearchAction","target":{"@type":"EntryPoint","urlTemplate":"https:\/\/escolofi.com\/store\/?s={search_term_string}"},"query-input":{"@type":"PropertyValueSpecification","valueRequired":true,"valueName":"search_term_string"}}],"inLanguage":"es"},{"@type":"Organization","@id":"https:\/\/escolofi.com\/store\/#organization","name":"Escolofi Gallery","url":"https:\/\/escolofi.com\/store\/","logo":{"@type":"ImageObject","inLanguage":"es","@id":"https:\/\/escolofi.com\/store\/#\/schema\/logo\/image\/","url":"https:\/\/escolofi.com\/store\/wp-content\/uploads\/2019\/10\/Logo-EscoGallery.png","contentUrl":"https:\/\/escolofi.com\/store\/wp-content\/uploads\/2019\/10\/Logo-EscoGallery.png","width":149,"height":75,"caption":"Escolofi Gallery"},"image":{"@id":"https:\/\/escolofi.com\/store\/#\/schema\/logo\/image\/"},"sameAs":["https:\/\/www.facebook.com\/escolofi","https:\/\/x.com\/escolofi","https:\/\/www.instagram.com\/escolofigallery\/","https:\/\/www.youtube.com\/channel\/UCmyVeNxKyzFk7lL0oxHhVRw"]}]}},"_links":{"self":[{"href":"https:\/\/escolofi.com\/store\/wp-json\/wp\/v2\/pages\/41","targetHints":{"allow":["GET"]}}],"collection":[{"href":"https:\/\/escolofi.com\/store\/wp-json\/wp\/v2\/pages"}],"about":[{"href":"https:\/\/escolofi.com\/store\/wp-json\/wp\/v2\/types\/page"}],"author":[{"embeddable":true,"href":"https:\/\/escolofi.com\/store\/wp-json\/wp\/v2\/users\/61"}],"replies":[{"embeddable":true,"href":"https:\/\/escolofi.com\/store\/wp-json\/wp\/v2\/comments?post=41"}],"version-history":[{"count":8,"href":"https:\/\/escolofi.com\/store\/wp-json\/wp\/v2\/pages\/41\/revisions"}],"predecessor-version":[{"id":2918,"href":"https:\/\/escolofi.com\/store\/wp-json\/wp\/v2\/pages\/41\/revisions\/2918"}],"wp:attachment":[{"href":"https:\/\/escolofi.com\/store\/wp-json\/wp\/v2\/media?parent=41"}],"curies":[{"name":"wp","href":"https:\/\/api.w.org\/{rel}","templated":true}]}}