{"id":1933,"date":"2018-06-21T08:38:36","date_gmt":"2018-06-21T08:38:36","guid":{"rendered":"https:\/\/escolofigallery.com\/?post_type=product&#038;p=1933"},"modified":"2023-07-12T09:02:27","modified_gmt":"2023-07-12T09:02:27","slug":"cuaderno-silverstone","status":"publish","type":"product","link":"https:\/\/escolofi.com\/store\/producto\/cuaderno-silverstone\/","title":{"rendered":"Libreta con espiral A4 Silverstone"},"content":{"rendered":"<p>Plasma tu estilo y deja que tu libreta hable por ti, tus gustos y qui\u00e9n eres. Haz de tu cuaderno tu se\u00f1a de identidad. Muestra qui\u00e9n y c\u00f3mo eres, muestra cual es tu line. Te ofrecemos 8 modelos diferentes para escoger el que mejor sigue tu l\u00ednea.<\/p>\n<hr \/>\n<h4><strong>GARANT\u00cdA ESCOLOFI<\/strong><\/h4>\n<div>Escolofi Gallery cuenta con la Garant\u00eda Escolofi, una empresa s\u00f3lida en el sector de papeler\u00eda cuya misi\u00f3n es ofrecer un producto diferenciado por su alta calidad y gran variedad en cuadernos y libretas. Desde 1948 nos esmeramos para ofrecer a nuestros clientes un servicio personalizado y adaptado a sus necesidades. Adem\u00e1s, somos respetuosos con el medio ambiente. Disponemos del certificado que confirma que todas las materias primas que utilizamos proceden de plantaciones gestionadas de forma responsable, tanto a nivel medioambiental, como social y econ\u00f3mico. Asimismo, nuestros procesos de fabricaci\u00f3n cumplen con estos mismos criterios.<\/div>\n<hr \/>\n<h4><strong>COSTES DE ENV\u00cdO<\/strong><\/h4>\n<div>\n<div><b>Espa\u00f1a<\/b><\/div>\n<div>Pen\u00ednsula: <strong>4,95\u20ac<\/strong> Env\u00edo <strong>gratuito<\/strong> a partir de pedidos de<strong> 35\u20ac <\/strong>Entrega en 24 a 48 horas desde su expedici\u00f3n<br \/>\nBaleares: <strong>4,95 \u20ac<\/strong> Env\u00edo por <strong>2.95\u20ac<\/strong> a partir de pedidos de<strong> 35\u20ac <\/strong>Entrega en 3 a 5 d\u00edas desde su expedici\u00f3n.<\/div>\n<\/div>\n<hr \/>\n<p><em>(Aceptamos tarjetas <strong>Visa<\/strong>, <strong>Mastercard<\/strong>, <strong>American Express<\/strong> y <strong>Maestro<\/strong>. Nuestros pagos est\u00e1n procesados de manera segura y encriptada por nuestra entidad bancaria &#8220;Redsys&#8221;.)<\/em><\/p>\n","protected":false},"excerpt":{"rendered":"<ul>\n<li>Hojas de tama\u00f1o Din A4<\/li>\n<li>Tapa Dura de 650gr.<\/li>\n<li>80 hojas de papel de 90 gr.<\/li>\n<li>Espiral de color blanco y con cierre coil lock para mayor seguridad y evitar que se enganche<\/li>\n<li>Cantos romos para mayor seguridad<\/li>\n<li>Cuaderno con el certificado FSC\u00ae por el cual aseguramos una gesti\u00f3n de las materias primas responsable<\/li>\n<\/ul>\n<hr \/>\n","protected":false},"featured_media":3686,"comment_status":"open","ping_status":"closed","template":"","meta":[],"product_brand":[],"product_cat":[50,44],"product_tag":[],"class_list":{"0":"post-1933","1":"product","2":"type-product","3":"status-publish","4":"has-post-thumbnail","6":"product_cat-espiral","7":"product_cat-line","9":"first","10":"instock","11":"taxable","12":"shipping-taxable","13":"purchasable","14":"product-type-simple"},"yoast_head":"<!-- This site is optimized with the Yoast SEO plugin v26.9 - https:\/\/yoast.com\/product\/yoast-seo-wordpress\/ -->\n<title>Cuaderno Silverstone A4 papel premium - Rarado Cuadr\u00edcula 5x5 mg.<\/title>\n<meta name=\"description\" content=\"Cuaderno Silverstone. Cuaderno de espiral formato A4 de 80 p\u00e1ginas de papel premium de 90 gr. Rayado con cuadr\u00edcula de 5X5 mg.\" \/>\n<meta name=\"robots\" content=\"index, follow, max-snippet:-1, max-image-preview:large, max-video-preview:-1\" \/>\n<link rel=\"canonical\" href=\"https:\/\/escolofi.com\/store\/producto\/cuaderno-silverstone\/\" \/>\n<meta property=\"og:locale\" content=\"es_ES\" \/>\n<meta property=\"og:type\" content=\"article\" \/>\n<meta property=\"og:title\" content=\"Cuaderno Silverstone A4 papel premium - Rarado Cuadr\u00edcula 5x5 mg.\" \/>\n<meta property=\"og:description\" content=\"Cuaderno Silverstone. Cuaderno de espiral formato A4 de 80 p\u00e1ginas de papel premium de 90 gr. Rayado con cuadr\u00edcula de 5X5 mg.\" \/>\n<meta property=\"og:url\" content=\"https:\/\/escolofi.com\/store\/producto\/cuaderno-silverstone\/\" \/>\n<meta property=\"og:site_name\" content=\"Tienda Escolofi\" \/>\n<meta property=\"article:publisher\" content=\"https:\/\/www.facebook.com\/escolofi\" \/>\n<meta property=\"article:modified_time\" content=\"2023-07-12T09:02:27+00:00\" \/>\n<meta property=\"og:image\" content=\"https:\/\/escolofi.com\/store\/wp-content\/uploads\/2018\/06\/6-silverstone.jpg\" \/>\n\t<meta property=\"og:image:width\" content=\"800\" \/>\n\t<meta property=\"og:image:height\" content=\"800\" \/>\n\t<meta property=\"og:image:type\" content=\"image\/jpeg\" \/>\n<meta name=\"twitter:card\" content=\"summary_large_image\" \/>\n<meta name=\"twitter:site\" content=\"@escolofi\" \/>\n<meta name=\"twitter:label1\" content=\"Tiempo de lectura\" \/>\n\t<meta name=\"twitter:data1\" content=\"1 minuto\" \/>\n<script type=\"application\/ld+json\" class=\"yoast-schema-graph\">{\"@context\":\"https:\/\/schema.org\",\"@graph\":[{\"@type\":\"WebPage\",\"@id\":\"https:\/\/escolofi.com\/store\/producto\/cuaderno-silverstone\/\",\"url\":\"https:\/\/escolofi.com\/store\/producto\/cuaderno-silverstone\/\",\"name\":\"Cuaderno Silverstone A4 papel premium - Rarado Cuadr\u00edcula 5x5 mg.\",\"isPartOf\":{\"@id\":\"https:\/\/escolofi.com\/store\/#website\"},\"primaryImageOfPage\":{\"@id\":\"https:\/\/escolofi.com\/store\/producto\/cuaderno-silverstone\/#primaryimage\"},\"image\":{\"@id\":\"https:\/\/escolofi.com\/store\/producto\/cuaderno-silverstone\/#primaryimage\"},\"thumbnailUrl\":\"https:\/\/escolofi.com\/store\/wp-content\/uploads\/2018\/06\/6-silverstone.jpg\",\"datePublished\":\"2018-06-21T08:38:36+00:00\",\"dateModified\":\"2023-07-12T09:02:27+00:00\",\"description\":\"Cuaderno Silverstone. Cuaderno de espiral formato A4 de 80 p\u00e1ginas de papel premium de 90 gr. Rayado con cuadr\u00edcula de 5X5 mg.\",\"breadcrumb\":{\"@id\":\"https:\/\/escolofi.com\/store\/producto\/cuaderno-silverstone\/#breadcrumb\"},\"inLanguage\":\"es\",\"potentialAction\":[{\"@type\":\"ReadAction\",\"target\":[\"https:\/\/escolofi.com\/store\/producto\/cuaderno-silverstone\/\"]}]},{\"@type\":\"ImageObject\",\"inLanguage\":\"es\",\"@id\":\"https:\/\/escolofi.com\/store\/producto\/cuaderno-silverstone\/#primaryimage\",\"url\":\"https:\/\/escolofi.com\/store\/wp-content\/uploads\/2018\/06\/6-silverstone.jpg\",\"contentUrl\":\"https:\/\/escolofi.com\/store\/wp-content\/uploads\/2018\/06\/6-silverstone.jpg\",\"width\":800,\"height\":800},{\"@type\":\"BreadcrumbList\",\"@id\":\"https:\/\/escolofi.com\/store\/producto\/cuaderno-silverstone\/#breadcrumb\",\"itemListElement\":[{\"@type\":\"ListItem\",\"position\":1,\"name\":\"Portada\",\"item\":\"https:\/\/escolofi.com\/store\/\"},{\"@type\":\"ListItem\",\"position\":2,\"name\":\"Shop\",\"item\":\"https:\/\/escolofi.com\/store\/shop\/\"},{\"@type\":\"ListItem\",\"position\":3,\"name\":\"Libreta con espiral A4 Silverstone\"}]},{\"@type\":\"WebSite\",\"@id\":\"https:\/\/escolofi.com\/store\/#website\",\"url\":\"https:\/\/escolofi.com\/store\/\",\"name\":\"Escolofi Gallery\",\"description\":\"\",\"publisher\":{\"@id\":\"https:\/\/escolofi.com\/store\/#organization\"},\"potentialAction\":[{\"@type\":\"SearchAction\",\"target\":{\"@type\":\"EntryPoint\",\"urlTemplate\":\"https:\/\/escolofi.com\/store\/?s={search_term_string}\"},\"query-input\":{\"@type\":\"PropertyValueSpecification\",\"valueRequired\":true,\"valueName\":\"search_term_string\"}}],\"inLanguage\":\"es\"},{\"@type\":\"Organization\",\"@id\":\"https:\/\/escolofi.com\/store\/#organization\",\"name\":\"Escolofi Gallery\",\"url\":\"https:\/\/escolofi.com\/store\/\",\"logo\":{\"@type\":\"ImageObject\",\"inLanguage\":\"es\",\"@id\":\"https:\/\/escolofi.com\/store\/#\/schema\/logo\/image\/\",\"url\":\"https:\/\/escolofi.com\/store\/wp-content\/uploads\/2019\/10\/Logo-EscoGallery.png\",\"contentUrl\":\"https:\/\/escolofi.com\/store\/wp-content\/uploads\/2019\/10\/Logo-EscoGallery.png\",\"width\":149,\"height\":75,\"caption\":\"Escolofi Gallery\"},\"image\":{\"@id\":\"https:\/\/escolofi.com\/store\/#\/schema\/logo\/image\/\"},\"sameAs\":[\"https:\/\/www.facebook.com\/escolofi\",\"https:\/\/x.com\/escolofi\",\"https:\/\/www.instagram.com\/escolofigallery\/\",\"https:\/\/www.youtube.com\/channel\/UCmyVeNxKyzFk7lL0oxHhVRw\"]}]}<\/script>\n<!-- \/ Yoast SEO plugin. -->","yoast_head_json":{"title":"Cuaderno Silverstone A4 papel premium - Rarado Cuadr\u00edcula 5x5 mg.","description":"Cuaderno Silverstone. Cuaderno de espiral formato A4 de 80 p\u00e1ginas de papel premium de 90 gr. Rayado con cuadr\u00edcula de 5X5 mg.","robots":{"index":"index","follow":"follow","max-snippet":"max-snippet:-1","max-image-preview":"max-image-preview:large","max-video-preview":"max-video-preview:-1"},"canonical":"https:\/\/escolofi.com\/store\/producto\/cuaderno-silverstone\/","og_locale":"es_ES","og_type":"article","og_title":"Cuaderno Silverstone A4 papel premium - Rarado Cuadr\u00edcula 5x5 mg.","og_description":"Cuaderno Silverstone. Cuaderno de espiral formato A4 de 80 p\u00e1ginas de papel premium de 90 gr. Rayado con cuadr\u00edcula de 5X5 mg.","og_url":"https:\/\/escolofi.com\/store\/producto\/cuaderno-silverstone\/","og_site_name":"Tienda Escolofi","article_publisher":"https:\/\/www.facebook.com\/escolofi","article_modified_time":"2023-07-12T09:02:27+00:00","og_image":[{"width":800,"height":800,"url":"https:\/\/escolofi.com\/store\/wp-content\/uploads\/2018\/06\/6-silverstone.jpg","type":"image\/jpeg"}],"twitter_card":"summary_large_image","twitter_site":"@escolofi","twitter_misc":{"Tiempo de lectura":"1 minuto"},"schema":{"@context":"https:\/\/schema.org","@graph":[{"@type":"WebPage","@id":"https:\/\/escolofi.com\/store\/producto\/cuaderno-silverstone\/","url":"https:\/\/escolofi.com\/store\/producto\/cuaderno-silverstone\/","name":"Cuaderno Silverstone A4 papel premium - Rarado Cuadr\u00edcula 5x5 mg.","isPartOf":{"@id":"https:\/\/escolofi.com\/store\/#website"},"primaryImageOfPage":{"@id":"https:\/\/escolofi.com\/store\/producto\/cuaderno-silverstone\/#primaryimage"},"image":{"@id":"https:\/\/escolofi.com\/store\/producto\/cuaderno-silverstone\/#primaryimage"},"thumbnailUrl":"https:\/\/escolofi.com\/store\/wp-content\/uploads\/2018\/06\/6-silverstone.jpg","datePublished":"2018-06-21T08:38:36+00:00","dateModified":"2023-07-12T09:02:27+00:00","description":"Cuaderno Silverstone. Cuaderno de espiral formato A4 de 80 p\u00e1ginas de papel premium de 90 gr. Rayado con cuadr\u00edcula de 5X5 mg.","breadcrumb":{"@id":"https:\/\/escolofi.com\/store\/producto\/cuaderno-silverstone\/#breadcrumb"},"inLanguage":"es","potentialAction":[{"@type":"ReadAction","target":["https:\/\/escolofi.com\/store\/producto\/cuaderno-silverstone\/"]}]},{"@type":"ImageObject","inLanguage":"es","@id":"https:\/\/escolofi.com\/store\/producto\/cuaderno-silverstone\/#primaryimage","url":"https:\/\/escolofi.com\/store\/wp-content\/uploads\/2018\/06\/6-silverstone.jpg","contentUrl":"https:\/\/escolofi.com\/store\/wp-content\/uploads\/2018\/06\/6-silverstone.jpg","width":800,"height":800},{"@type":"BreadcrumbList","@id":"https:\/\/escolofi.com\/store\/producto\/cuaderno-silverstone\/#breadcrumb","itemListElement":[{"@type":"ListItem","position":1,"name":"Portada","item":"https:\/\/escolofi.com\/store\/"},{"@type":"ListItem","position":2,"name":"Shop","item":"https:\/\/escolofi.com\/store\/shop\/"},{"@type":"ListItem","position":3,"name":"Libreta con espiral A4 Silverstone"}]},{"@type":"WebSite","@id":"https:\/\/escolofi.com\/store\/#website","url":"https:\/\/escolofi.com\/store\/","name":"Escolofi Gallery","description":"","publisher":{"@id":"https:\/\/escolofi.com\/store\/#organization"},"potentialAction":[{"@type":"SearchAction","target":{"@type":"EntryPoint","urlTemplate":"https:\/\/escolofi.com\/store\/?s={search_term_string}"},"query-input":{"@type":"PropertyValueSpecification","valueRequired":true,"valueName":"search_term_string"}}],"inLanguage":"es"},{"@type":"Organization","@id":"https:\/\/escolofi.com\/store\/#organization","name":"Escolofi Gallery","url":"https:\/\/escolofi.com\/store\/","logo":{"@type":"ImageObject","inLanguage":"es","@id":"https:\/\/escolofi.com\/store\/#\/schema\/logo\/image\/","url":"https:\/\/escolofi.com\/store\/wp-content\/uploads\/2019\/10\/Logo-EscoGallery.png","contentUrl":"https:\/\/escolofi.com\/store\/wp-content\/uploads\/2019\/10\/Logo-EscoGallery.png","width":149,"height":75,"caption":"Escolofi Gallery"},"image":{"@id":"https:\/\/escolofi.com\/store\/#\/schema\/logo\/image\/"},"sameAs":["https:\/\/www.facebook.com\/escolofi","https:\/\/x.com\/escolofi","https:\/\/www.instagram.com\/escolofigallery\/","https:\/\/www.youtube.com\/channel\/UCmyVeNxKyzFk7lL0oxHhVRw"]}]}},"_links":{"self":[{"href":"https:\/\/escolofi.com\/store\/wp-json\/wp\/v2\/product\/1933","targetHints":{"allow":["GET"]}}],"collection":[{"href":"https:\/\/escolofi.com\/store\/wp-json\/wp\/v2\/product"}],"about":[{"href":"https:\/\/escolofi.com\/store\/wp-json\/wp\/v2\/types\/product"}],"replies":[{"embeddable":true,"href":"https:\/\/escolofi.com\/store\/wp-json\/wp\/v2\/comments?post=1933"}],"wp:featuredmedia":[{"embeddable":true,"href":"https:\/\/escolofi.com\/store\/wp-json\/wp\/v2\/media\/3686"}],"wp:attachment":[{"href":"https:\/\/escolofi.com\/store\/wp-json\/wp\/v2\/media?parent=1933"}],"wp:term":[{"taxonomy":"product_brand","embeddable":true,"href":"https:\/\/escolofi.com\/store\/wp-json\/wp\/v2\/product_brand?post=1933"},{"taxonomy":"product_cat","embeddable":true,"href":"https:\/\/escolofi.com\/store\/wp-json\/wp\/v2\/product_cat?post=1933"},{"taxonomy":"product_tag","embeddable":true,"href":"https:\/\/escolofi.com\/store\/wp-json\/wp\/v2\/product_tag?post=1933"}],"curies":[{"name":"wp","href":"https:\/\/api.w.org\/{rel}","templated":true}]}}