{"id":2838,"date":"2019-11-14T11:16:16","date_gmt":"2019-11-14T11:16:16","guid":{"rendered":"https:\/\/escolofigallery.com\/?post_type=product&#038;p=2838"},"modified":"2020-08-31T09:57:40","modified_gmt":"2020-08-31T09:57:40","slug":"taco-de-notas-el-born","status":"publish","type":"product","link":"https:\/\/escolofi.com\/store\/producto\/taco-de-notas-el-born\/","title":{"rendered":"Taco de Notas El Born"},"content":{"rendered":"<p>Cuando llega el fin de semana, sus adoquines te invitan a un aperitivo en una terraza, rodeado de m\u00fasica callejera, con el sol del medio d\u00eda acariciando la piel y la compa\u00f1\u00eda de tus amigos. \u00a1Bienvenidos al Born! El barrio m\u00e1s bohemio y chic de Barcelona que ha inspirado esta libreta en tonos verdes azulados, siempre lista para que los amantes del intercambio cultural y las tendencias descubran nuevos rincones y pasatiempos.<\/p>\n<hr \/>\n<h4><strong>GARANT\u00cdA ESCOLOFI<\/strong><\/h4>\n<div>Escolofi Gallery cuenta con la Garant\u00eda Escolofi, una empresa s\u00f3lida en el sector de papeler\u00eda cuya misi\u00f3n es ofrecer un producto diferenciado por su alta calidad y gran variedad en cuadernos y libretas. Desde 1948 nos esmeramos para ofrecer a nuestros clientes un servicio personalizado y adaptado a sus necesidades. Adem\u00e1s, somos respetuosos con el medio ambiente. Disponemos del certificado que confirma que todas las materias primas que utilizamos proceden de plantaciones gestionadas de forma responsable, tanto a nivel medioambiental, como social y econ\u00f3mico. Asimismo, nuestros procesos de fabricaci\u00f3n cumplen con estos mismos criterios.<\/div>\n<hr \/>\n<h4><strong>COSTES DE ENV\u00cdO<\/strong><\/h4>\n<div>\n<div><b>Espa\u00f1a<\/b><\/div>\n<div>Pen\u00ednsula: <strong>4,95\u20ac<\/strong> Env\u00edo <strong>gratuito<\/strong> a partir de pedidos de<strong> 35\u20ac <\/strong>Entrega en 24 a 48 horas desde su expedici\u00f3n<br \/>\nBaleares: <strong>4,95 \u20ac<\/strong> Env\u00edo por <strong>2.95\u20ac<\/strong> a partir de pedidos de<strong> 35\u20ac <\/strong>Entrega en 3 a 5 d\u00edas desde su expedici\u00f3n.<\/div>\n<\/div>\n<hr \/>\n<p><em>(Aceptamos tarjetas <strong>Visa<\/strong>, <strong>Mastercard<\/strong>, <strong>American Express<\/strong> y <strong>Maestro<\/strong>. Nuestros pagos est\u00e1n procesados de manera segura y encripta<\/em><\/p>\n","protected":false},"excerpt":{"rendered":"<div>\n<ul>\n<li>Bloque tama\u00f1o 10x10x10 cm.<u><\/u><\/li>\n<li>920 hojas de papel Premium FSC de 90 gr.<\/li>\n<li>Hojas lisas (sin rayados).<\/li>\n<li>Papel con el certificado FSC\u00ae por el cual aseguramos una gesti\u00f3n de las materias primas responsable.<\/li>\n<\/ul>\n<\/div>\n<div>\n<hr \/>\n<\/div>\n","protected":false},"featured_media":2834,"comment_status":"open","ping_status":"closed","template":"","meta":[],"product_brand":[],"product_cat":[52],"product_tag":[],"class_list":{"0":"post-2838","1":"product","2":"type-product","3":"status-publish","4":"has-post-thumbnail","6":"product_cat-tacos-mosaic-mosaic","8":"first","9":"instock","10":"taxable","11":"shipping-taxable","12":"purchasable","13":"product-type-simple"},"yoast_head":"<!-- This site is optimized with the Yoast SEO plugin v26.9 - https:\/\/yoast.com\/product\/yoast-seo-wordpress\/ -->\n<title>Taco de Notas El Born &#8211; Tienda Escolofi<\/title>\n<meta name=\"description\" content=\"El barrio m\u00e1s bohemio y chic de Barcelona que ha inspirado esta libreta, siempre lista para los amantes del intercambio cultural y las tendencias\" \/>\n<meta name=\"robots\" content=\"index, follow, max-snippet:-1, max-image-preview:large, max-video-preview:-1\" \/>\n<link rel=\"canonical\" href=\"https:\/\/escolofi.com\/store\/producto\/taco-de-notas-el-born\/\" \/>\n<meta property=\"og:locale\" content=\"es_ES\" \/>\n<meta property=\"og:type\" content=\"article\" \/>\n<meta property=\"og:title\" content=\"Taco de Notas El Born &#8211; Tienda Escolofi\" \/>\n<meta property=\"og:description\" content=\"El barrio m\u00e1s bohemio y chic de Barcelona que ha inspirado esta libreta, siempre lista para los amantes del intercambio cultural y las tendencias\" \/>\n<meta property=\"og:url\" content=\"https:\/\/escolofi.com\/store\/producto\/taco-de-notas-el-born\/\" \/>\n<meta property=\"og:site_name\" content=\"Tienda Escolofi\" \/>\n<meta property=\"article:publisher\" content=\"https:\/\/www.facebook.com\/escolofi\" \/>\n<meta property=\"article:modified_time\" content=\"2020-08-31T09:57:40+00:00\" \/>\n<meta property=\"og:image\" content=\"https:\/\/escolofi.com\/store\/wp-content\/uploads\/2019\/11\/tacos-born.png\" \/>\n\t<meta property=\"og:image:width\" content=\"600\" \/>\n\t<meta property=\"og:image:height\" content=\"600\" \/>\n\t<meta property=\"og:image:type\" content=\"image\/png\" \/>\n<meta name=\"twitter:card\" content=\"summary_large_image\" \/>\n<meta name=\"twitter:site\" content=\"@escolofi\" \/>\n<meta name=\"twitter:label1\" content=\"Tiempo de lectura\" \/>\n\t<meta name=\"twitter:data1\" content=\"1 minuto\" \/>\n<script type=\"application\/ld+json\" class=\"yoast-schema-graph\">{\"@context\":\"https:\/\/schema.org\",\"@graph\":[{\"@type\":\"WebPage\",\"@id\":\"https:\/\/escolofi.com\/store\/producto\/taco-de-notas-el-born\/\",\"url\":\"https:\/\/escolofi.com\/store\/producto\/taco-de-notas-el-born\/\",\"name\":\"Taco de Notas El Born &#8211; Tienda Escolofi\",\"isPartOf\":{\"@id\":\"https:\/\/escolofi.com\/store\/#website\"},\"primaryImageOfPage\":{\"@id\":\"https:\/\/escolofi.com\/store\/producto\/taco-de-notas-el-born\/#primaryimage\"},\"image\":{\"@id\":\"https:\/\/escolofi.com\/store\/producto\/taco-de-notas-el-born\/#primaryimage\"},\"thumbnailUrl\":\"https:\/\/escolofi.com\/store\/wp-content\/uploads\/2019\/11\/tacos-born.png\",\"datePublished\":\"2019-11-14T11:16:16+00:00\",\"dateModified\":\"2020-08-31T09:57:40+00:00\",\"description\":\"El barrio m\u00e1s bohemio y chic de Barcelona que ha inspirado esta libreta, siempre lista para los amantes del intercambio cultural y las tendencias\",\"breadcrumb\":{\"@id\":\"https:\/\/escolofi.com\/store\/producto\/taco-de-notas-el-born\/#breadcrumb\"},\"inLanguage\":\"es\",\"potentialAction\":[{\"@type\":\"ReadAction\",\"target\":[\"https:\/\/escolofi.com\/store\/producto\/taco-de-notas-el-born\/\"]}]},{\"@type\":\"ImageObject\",\"inLanguage\":\"es\",\"@id\":\"https:\/\/escolofi.com\/store\/producto\/taco-de-notas-el-born\/#primaryimage\",\"url\":\"https:\/\/escolofi.com\/store\/wp-content\/uploads\/2019\/11\/tacos-born.png\",\"contentUrl\":\"https:\/\/escolofi.com\/store\/wp-content\/uploads\/2019\/11\/tacos-born.png\",\"width\":600,\"height\":600},{\"@type\":\"BreadcrumbList\",\"@id\":\"https:\/\/escolofi.com\/store\/producto\/taco-de-notas-el-born\/#breadcrumb\",\"itemListElement\":[{\"@type\":\"ListItem\",\"position\":1,\"name\":\"Portada\",\"item\":\"https:\/\/escolofi.com\/store\/\"},{\"@type\":\"ListItem\",\"position\":2,\"name\":\"Shop\",\"item\":\"https:\/\/escolofi.com\/store\/shop\/\"},{\"@type\":\"ListItem\",\"position\":3,\"name\":\"Taco de Notas El Born\"}]},{\"@type\":\"WebSite\",\"@id\":\"https:\/\/escolofi.com\/store\/#website\",\"url\":\"https:\/\/escolofi.com\/store\/\",\"name\":\"Escolofi Gallery\",\"description\":\"\",\"publisher\":{\"@id\":\"https:\/\/escolofi.com\/store\/#organization\"},\"potentialAction\":[{\"@type\":\"SearchAction\",\"target\":{\"@type\":\"EntryPoint\",\"urlTemplate\":\"https:\/\/escolofi.com\/store\/?s={search_term_string}\"},\"query-input\":{\"@type\":\"PropertyValueSpecification\",\"valueRequired\":true,\"valueName\":\"search_term_string\"}}],\"inLanguage\":\"es\"},{\"@type\":\"Organization\",\"@id\":\"https:\/\/escolofi.com\/store\/#organization\",\"name\":\"Escolofi Gallery\",\"url\":\"https:\/\/escolofi.com\/store\/\",\"logo\":{\"@type\":\"ImageObject\",\"inLanguage\":\"es\",\"@id\":\"https:\/\/escolofi.com\/store\/#\/schema\/logo\/image\/\",\"url\":\"https:\/\/escolofi.com\/store\/wp-content\/uploads\/2019\/10\/Logo-EscoGallery.png\",\"contentUrl\":\"https:\/\/escolofi.com\/store\/wp-content\/uploads\/2019\/10\/Logo-EscoGallery.png\",\"width\":149,\"height\":75,\"caption\":\"Escolofi Gallery\"},\"image\":{\"@id\":\"https:\/\/escolofi.com\/store\/#\/schema\/logo\/image\/\"},\"sameAs\":[\"https:\/\/www.facebook.com\/escolofi\",\"https:\/\/x.com\/escolofi\",\"https:\/\/www.instagram.com\/escolofigallery\/\",\"https:\/\/www.youtube.com\/channel\/UCmyVeNxKyzFk7lL0oxHhVRw\"]}]}<\/script>\n<!-- \/ Yoast SEO plugin. -->","yoast_head_json":{"title":"Taco de Notas El Born &#8211; Tienda Escolofi","description":"El barrio m\u00e1s bohemio y chic de Barcelona que ha inspirado esta libreta, siempre lista para los amantes del intercambio cultural y las tendencias","robots":{"index":"index","follow":"follow","max-snippet":"max-snippet:-1","max-image-preview":"max-image-preview:large","max-video-preview":"max-video-preview:-1"},"canonical":"https:\/\/escolofi.com\/store\/producto\/taco-de-notas-el-born\/","og_locale":"es_ES","og_type":"article","og_title":"Taco de Notas El Born &#8211; Tienda Escolofi","og_description":"El barrio m\u00e1s bohemio y chic de Barcelona que ha inspirado esta libreta, siempre lista para los amantes del intercambio cultural y las tendencias","og_url":"https:\/\/escolofi.com\/store\/producto\/taco-de-notas-el-born\/","og_site_name":"Tienda Escolofi","article_publisher":"https:\/\/www.facebook.com\/escolofi","article_modified_time":"2020-08-31T09:57:40+00:00","og_image":[{"width":600,"height":600,"url":"https:\/\/escolofi.com\/store\/wp-content\/uploads\/2019\/11\/tacos-born.png","type":"image\/png"}],"twitter_card":"summary_large_image","twitter_site":"@escolofi","twitter_misc":{"Tiempo de lectura":"1 minuto"},"schema":{"@context":"https:\/\/schema.org","@graph":[{"@type":"WebPage","@id":"https:\/\/escolofi.com\/store\/producto\/taco-de-notas-el-born\/","url":"https:\/\/escolofi.com\/store\/producto\/taco-de-notas-el-born\/","name":"Taco de Notas El Born &#8211; Tienda Escolofi","isPartOf":{"@id":"https:\/\/escolofi.com\/store\/#website"},"primaryImageOfPage":{"@id":"https:\/\/escolofi.com\/store\/producto\/taco-de-notas-el-born\/#primaryimage"},"image":{"@id":"https:\/\/escolofi.com\/store\/producto\/taco-de-notas-el-born\/#primaryimage"},"thumbnailUrl":"https:\/\/escolofi.com\/store\/wp-content\/uploads\/2019\/11\/tacos-born.png","datePublished":"2019-11-14T11:16:16+00:00","dateModified":"2020-08-31T09:57:40+00:00","description":"El barrio m\u00e1s bohemio y chic de Barcelona que ha inspirado esta libreta, siempre lista para los amantes del intercambio cultural y las tendencias","breadcrumb":{"@id":"https:\/\/escolofi.com\/store\/producto\/taco-de-notas-el-born\/#breadcrumb"},"inLanguage":"es","potentialAction":[{"@type":"ReadAction","target":["https:\/\/escolofi.com\/store\/producto\/taco-de-notas-el-born\/"]}]},{"@type":"ImageObject","inLanguage":"es","@id":"https:\/\/escolofi.com\/store\/producto\/taco-de-notas-el-born\/#primaryimage","url":"https:\/\/escolofi.com\/store\/wp-content\/uploads\/2019\/11\/tacos-born.png","contentUrl":"https:\/\/escolofi.com\/store\/wp-content\/uploads\/2019\/11\/tacos-born.png","width":600,"height":600},{"@type":"BreadcrumbList","@id":"https:\/\/escolofi.com\/store\/producto\/taco-de-notas-el-born\/#breadcrumb","itemListElement":[{"@type":"ListItem","position":1,"name":"Portada","item":"https:\/\/escolofi.com\/store\/"},{"@type":"ListItem","position":2,"name":"Shop","item":"https:\/\/escolofi.com\/store\/shop\/"},{"@type":"ListItem","position":3,"name":"Taco de Notas El Born"}]},{"@type":"WebSite","@id":"https:\/\/escolofi.com\/store\/#website","url":"https:\/\/escolofi.com\/store\/","name":"Escolofi Gallery","description":"","publisher":{"@id":"https:\/\/escolofi.com\/store\/#organization"},"potentialAction":[{"@type":"SearchAction","target":{"@type":"EntryPoint","urlTemplate":"https:\/\/escolofi.com\/store\/?s={search_term_string}"},"query-input":{"@type":"PropertyValueSpecification","valueRequired":true,"valueName":"search_term_string"}}],"inLanguage":"es"},{"@type":"Organization","@id":"https:\/\/escolofi.com\/store\/#organization","name":"Escolofi Gallery","url":"https:\/\/escolofi.com\/store\/","logo":{"@type":"ImageObject","inLanguage":"es","@id":"https:\/\/escolofi.com\/store\/#\/schema\/logo\/image\/","url":"https:\/\/escolofi.com\/store\/wp-content\/uploads\/2019\/10\/Logo-EscoGallery.png","contentUrl":"https:\/\/escolofi.com\/store\/wp-content\/uploads\/2019\/10\/Logo-EscoGallery.png","width":149,"height":75,"caption":"Escolofi Gallery"},"image":{"@id":"https:\/\/escolofi.com\/store\/#\/schema\/logo\/image\/"},"sameAs":["https:\/\/www.facebook.com\/escolofi","https:\/\/x.com\/escolofi","https:\/\/www.instagram.com\/escolofigallery\/","https:\/\/www.youtube.com\/channel\/UCmyVeNxKyzFk7lL0oxHhVRw"]}]}},"_links":{"self":[{"href":"https:\/\/escolofi.com\/store\/wp-json\/wp\/v2\/product\/2838","targetHints":{"allow":["GET"]}}],"collection":[{"href":"https:\/\/escolofi.com\/store\/wp-json\/wp\/v2\/product"}],"about":[{"href":"https:\/\/escolofi.com\/store\/wp-json\/wp\/v2\/types\/product"}],"replies":[{"embeddable":true,"href":"https:\/\/escolofi.com\/store\/wp-json\/wp\/v2\/comments?post=2838"}],"wp:featuredmedia":[{"embeddable":true,"href":"https:\/\/escolofi.com\/store\/wp-json\/wp\/v2\/media\/2834"}],"wp:attachment":[{"href":"https:\/\/escolofi.com\/store\/wp-json\/wp\/v2\/media?parent=2838"}],"wp:term":[{"taxonomy":"product_brand","embeddable":true,"href":"https:\/\/escolofi.com\/store\/wp-json\/wp\/v2\/product_brand?post=2838"},{"taxonomy":"product_cat","embeddable":true,"href":"https:\/\/escolofi.com\/store\/wp-json\/wp\/v2\/product_cat?post=2838"},{"taxonomy":"product_tag","embeddable":true,"href":"https:\/\/escolofi.com\/store\/wp-json\/wp\/v2\/product_tag?post=2838"}],"curies":[{"name":"wp","href":"https:\/\/api.w.org\/{rel}","templated":true}]}}