{"id":3287,"date":"2020-04-20T11:31:26","date_gmt":"2020-04-20T11:31:26","guid":{"rendered":"https:\/\/escolofi.com\/store\/?post_type=product&#038;p=3287"},"modified":"2020-08-31T10:00:51","modified_gmt":"2020-08-31T10:00:51","slug":"pack-2-cuadernos-horizontal","status":"publish","type":"product","link":"https:\/\/escolofi.com\/store\/producto\/pack-2-cuadernos-horizontal\/","title":{"rendered":"PACK 2 CUADERNOS HORIZONTAL"},"content":{"rendered":"<p>El Rayado Horizontal es una simple pauta que sirve para reforzar la buena direcci\u00f3n de la escritura, es decir, para escribir recto. Est\u00e1 pensado para alumnos que ya han adquirido el h\u00e1bito de la escritura correctamente, y tienen ya una caligraf\u00eda adecuada que no precisa de ning\u00fan refuerzo para ubicar las letras y palabras en el papel.<\/p>\n<hr \/>\n<h4><strong>GARANT\u00cdA ESCOLOFI<\/strong><\/h4>\n<div>Escolofi Gallery cuenta con la Garant\u00eda Escolofi, una empresa s\u00f3lida en el sector de papeler\u00eda cuya misi\u00f3n es ofrecer un producto diferenciado por su alta calidad y gran variedad en cuadernos y libretas. Desde 1948 nos esmeramos para ofrecer a nuestros clientes un servicio personalizado y adaptado a sus necesidades. Adem\u00e1s, somos respetuosos con el medio ambiente. Disponemos del certificado que confirma que todas las materias primas que utilizamos proceden de plantaciones gestionadas de forma responsable, tanto a nivel medioambiental, como social y econ\u00f3mico. Asimismo, nuestros procesos de fabricaci\u00f3n cumplen con estos mismos criterios.<\/div>\n<hr \/>\n<h4><strong>COSTES DE ENV\u00cdO<\/strong><\/h4>\n<div>\n<div><b>Espa\u00f1a<\/b><\/div>\n<div>Pen\u00ednsula: <strong>4,95\u20ac<\/strong> Env\u00edo <strong>gratuito<\/strong> a partir de pedidos de<strong> 35\u20ac <\/strong>Entrega en 24 a 48 horas desde su expedici\u00f3n<br \/>\nBaleares: <strong>4,95 \u20ac<\/strong> Env\u00edo por <strong>2.95\u20ac<\/strong> a partir de pedidos de<strong> 35\u20ac <\/strong>Entrega en 3 a 5 d\u00edas desde su expedici\u00f3n.<\/div>\n<\/div>\n<hr \/>\n<p><em>(Aceptamos tarjetas <strong>Visa<\/strong>, <strong>Mastercard<\/strong>, <strong>American Express<\/strong> y <strong>Maestro<\/strong>. Nuestros pagos est\u00e1n procesados de manera segura y encriptada por nuestra entidad bancaria &#8220;Redsys&#8221;.)<\/em>iterios<\/p>\n","protected":false},"excerpt":{"rendered":"<div>\n<ul>\n<li><strong>1 Espiral Din A4 80 hojas.\u00a0<\/strong><\/li>\n<li><strong>1 Espiral Din A5+ 80 hojas.\u00a0<\/strong><\/li>\n<\/ul>\n<ul>\n<li>Hojas Horizontal con margen.<\/li>\n<li>Papel plus de 90 gr.<\/li>\n<li>Cantos romos para mayor seguridad.<\/li>\n<li>Cuaderno con el certificado FSC\u00ae por el cual aseguramos una gesti\u00f3n de las materias primas responsable.<\/li>\n<\/ul>\n<\/div>\n<p>Por razones log\u00edsticas, no podemos garantizar el color de tapas de cada cuadernos, siendo siempre uno de los 6 disponibles.<\/p>\n<hr \/>\n","protected":false},"featured_media":3288,"comment_status":"open","ping_status":"closed","template":"","meta":[],"product_brand":[],"product_cat":[56],"product_tag":[],"class_list":{"0":"post-3287","1":"product","2":"type-product","3":"status-publish","4":"has-post-thumbnail","6":"product_cat-packs-oferta","8":"first","9":"instock","10":"taxable","11":"shipping-taxable","12":"purchasable","13":"product-type-simple"},"yoast_head":"<!-- This site is optimized with the Yoast SEO plugin v27.5 - https:\/\/yoast.com\/product\/yoast-seo-wordpress\/ -->\n<title>PACK 2 CUADERNOS HORIZONTAL &#8211; Tienda Escolofi<\/title>\n<meta name=\"description\" content=\"En tonos azul claro, arena y coral, transmite toda la delicadeza de una suave ola, la belleza de un arrecife y el misterio del fondo marino.\" \/>\n<meta name=\"robots\" content=\"index, follow, max-snippet:-1, max-image-preview:large, max-video-preview:-1\" \/>\n<link rel=\"canonical\" href=\"https:\/\/escolofi.com\/store\/producto\/pack-2-cuadernos-horizontal\/\" \/>\n<meta property=\"og:locale\" content=\"es_ES\" \/>\n<meta property=\"og:type\" content=\"article\" \/>\n<meta property=\"og:title\" content=\"PACK 2 CUADERNOS HORIZONTAL &#8211; Tienda Escolofi\" \/>\n<meta property=\"og:description\" content=\"En tonos azul claro, arena y coral, transmite toda la delicadeza de una suave ola, la belleza de un arrecife y el misterio del fondo marino.\" \/>\n<meta property=\"og:url\" content=\"https:\/\/escolofi.com\/store\/producto\/pack-2-cuadernos-horizontal\/\" \/>\n<meta property=\"og:site_name\" content=\"Tienda Escolofi\" \/>\n<meta property=\"article:publisher\" content=\"https:\/\/www.facebook.com\/escolofi\" \/>\n<meta property=\"article:modified_time\" content=\"2020-08-31T10:00:51+00:00\" \/>\n<meta property=\"og:image\" content=\"https:\/\/escolofi.com\/store\/wp-content\/uploads\/2020\/04\/pack-horizontal-1.jpg\" \/>\n\t<meta property=\"og:image:width\" content=\"1200\" \/>\n\t<meta property=\"og:image:height\" content=\"1200\" \/>\n\t<meta property=\"og:image:type\" content=\"image\/jpeg\" \/>\n<meta name=\"twitter:card\" content=\"summary_large_image\" \/>\n<meta name=\"twitter:site\" content=\"@escolofi\" \/>\n<meta name=\"twitter:label1\" content=\"Tiempo de lectura\" \/>\n\t<meta name=\"twitter:data1\" content=\"1 minuto\" \/>\n<script type=\"application\/ld+json\" class=\"yoast-schema-graph\">{\"@context\":\"https:\\\/\\\/schema.org\",\"@graph\":[{\"@type\":\"WebPage\",\"@id\":\"https:\\\/\\\/escolofi.com\\\/store\\\/producto\\\/pack-2-cuadernos-horizontal\\\/\",\"url\":\"https:\\\/\\\/escolofi.com\\\/store\\\/producto\\\/pack-2-cuadernos-horizontal\\\/\",\"name\":\"PACK 2 CUADERNOS HORIZONTAL &#8211; Tienda Escolofi\",\"isPartOf\":{\"@id\":\"https:\\\/\\\/escolofi.com\\\/store\\\/#website\"},\"primaryImageOfPage\":{\"@id\":\"https:\\\/\\\/escolofi.com\\\/store\\\/producto\\\/pack-2-cuadernos-horizontal\\\/#primaryimage\"},\"image\":{\"@id\":\"https:\\\/\\\/escolofi.com\\\/store\\\/producto\\\/pack-2-cuadernos-horizontal\\\/#primaryimage\"},\"thumbnailUrl\":\"https:\\\/\\\/escolofi.com\\\/store\\\/wp-content\\\/uploads\\\/2020\\\/04\\\/pack-horizontal-1.jpg\",\"datePublished\":\"2020-04-20T11:31:26+00:00\",\"dateModified\":\"2020-08-31T10:00:51+00:00\",\"description\":\"En tonos azul claro, arena y coral, transmite toda la delicadeza de una suave ola, la belleza de un arrecife y el misterio del fondo marino.\",\"breadcrumb\":{\"@id\":\"https:\\\/\\\/escolofi.com\\\/store\\\/producto\\\/pack-2-cuadernos-horizontal\\\/#breadcrumb\"},\"inLanguage\":\"es\",\"potentialAction\":[{\"@type\":\"ReadAction\",\"target\":[\"https:\\\/\\\/escolofi.com\\\/store\\\/producto\\\/pack-2-cuadernos-horizontal\\\/\"]}]},{\"@type\":\"ImageObject\",\"inLanguage\":\"es\",\"@id\":\"https:\\\/\\\/escolofi.com\\\/store\\\/producto\\\/pack-2-cuadernos-horizontal\\\/#primaryimage\",\"url\":\"https:\\\/\\\/escolofi.com\\\/store\\\/wp-content\\\/uploads\\\/2020\\\/04\\\/pack-horizontal-1.jpg\",\"contentUrl\":\"https:\\\/\\\/escolofi.com\\\/store\\\/wp-content\\\/uploads\\\/2020\\\/04\\\/pack-horizontal-1.jpg\",\"width\":1200,\"height\":1200},{\"@type\":\"BreadcrumbList\",\"@id\":\"https:\\\/\\\/escolofi.com\\\/store\\\/producto\\\/pack-2-cuadernos-horizontal\\\/#breadcrumb\",\"itemListElement\":[{\"@type\":\"ListItem\",\"position\":1,\"name\":\"Portada\",\"item\":\"https:\\\/\\\/escolofi.com\\\/store\\\/\"},{\"@type\":\"ListItem\",\"position\":2,\"name\":\"Shop\",\"item\":\"https:\\\/\\\/escolofi.com\\\/store\\\/shop\\\/\"},{\"@type\":\"ListItem\",\"position\":3,\"name\":\"PACK 2 CUADERNOS HORIZONTAL\"}]},{\"@type\":\"WebSite\",\"@id\":\"https:\\\/\\\/escolofi.com\\\/store\\\/#website\",\"url\":\"https:\\\/\\\/escolofi.com\\\/store\\\/\",\"name\":\"Escolofi Gallery\",\"description\":\"\",\"publisher\":{\"@id\":\"https:\\\/\\\/escolofi.com\\\/store\\\/#organization\"},\"potentialAction\":[{\"@type\":\"SearchAction\",\"target\":{\"@type\":\"EntryPoint\",\"urlTemplate\":\"https:\\\/\\\/escolofi.com\\\/store\\\/?s={search_term_string}\"},\"query-input\":{\"@type\":\"PropertyValueSpecification\",\"valueRequired\":true,\"valueName\":\"search_term_string\"}}],\"inLanguage\":\"es\"},{\"@type\":\"Organization\",\"@id\":\"https:\\\/\\\/escolofi.com\\\/store\\\/#organization\",\"name\":\"Escolofi Gallery\",\"url\":\"https:\\\/\\\/escolofi.com\\\/store\\\/\",\"logo\":{\"@type\":\"ImageObject\",\"inLanguage\":\"es\",\"@id\":\"https:\\\/\\\/escolofi.com\\\/store\\\/#\\\/schema\\\/logo\\\/image\\\/\",\"url\":\"https:\\\/\\\/escolofi.com\\\/store\\\/wp-content\\\/uploads\\\/2019\\\/10\\\/Logo-EscoGallery.png\",\"contentUrl\":\"https:\\\/\\\/escolofi.com\\\/store\\\/wp-content\\\/uploads\\\/2019\\\/10\\\/Logo-EscoGallery.png\",\"width\":149,\"height\":75,\"caption\":\"Escolofi Gallery\"},\"image\":{\"@id\":\"https:\\\/\\\/escolofi.com\\\/store\\\/#\\\/schema\\\/logo\\\/image\\\/\"},\"sameAs\":[\"https:\\\/\\\/www.facebook.com\\\/escolofi\",\"https:\\\/\\\/x.com\\\/escolofi\",\"https:\\\/\\\/www.instagram.com\\\/escolofigallery\\\/\",\"https:\\\/\\\/www.youtube.com\\\/channel\\\/UCmyVeNxKyzFk7lL0oxHhVRw\"]}]}<\/script>\n<!-- \/ Yoast SEO plugin. -->","yoast_head_json":{"title":"PACK 2 CUADERNOS HORIZONTAL &#8211; Tienda Escolofi","description":"En tonos azul claro, arena y coral, transmite toda la delicadeza de una suave ola, la belleza de un arrecife y el misterio del fondo marino.","robots":{"index":"index","follow":"follow","max-snippet":"max-snippet:-1","max-image-preview":"max-image-preview:large","max-video-preview":"max-video-preview:-1"},"canonical":"https:\/\/escolofi.com\/store\/producto\/pack-2-cuadernos-horizontal\/","og_locale":"es_ES","og_type":"article","og_title":"PACK 2 CUADERNOS HORIZONTAL &#8211; Tienda Escolofi","og_description":"En tonos azul claro, arena y coral, transmite toda la delicadeza de una suave ola, la belleza de un arrecife y el misterio del fondo marino.","og_url":"https:\/\/escolofi.com\/store\/producto\/pack-2-cuadernos-horizontal\/","og_site_name":"Tienda Escolofi","article_publisher":"https:\/\/www.facebook.com\/escolofi","article_modified_time":"2020-08-31T10:00:51+00:00","og_image":[{"width":1200,"height":1200,"url":"https:\/\/escolofi.com\/store\/wp-content\/uploads\/2020\/04\/pack-horizontal-1.jpg","type":"image\/jpeg"}],"twitter_card":"summary_large_image","twitter_site":"@escolofi","twitter_misc":{"Tiempo de lectura":"1 minuto"},"schema":{"@context":"https:\/\/schema.org","@graph":[{"@type":"WebPage","@id":"https:\/\/escolofi.com\/store\/producto\/pack-2-cuadernos-horizontal\/","url":"https:\/\/escolofi.com\/store\/producto\/pack-2-cuadernos-horizontal\/","name":"PACK 2 CUADERNOS HORIZONTAL &#8211; Tienda Escolofi","isPartOf":{"@id":"https:\/\/escolofi.com\/store\/#website"},"primaryImageOfPage":{"@id":"https:\/\/escolofi.com\/store\/producto\/pack-2-cuadernos-horizontal\/#primaryimage"},"image":{"@id":"https:\/\/escolofi.com\/store\/producto\/pack-2-cuadernos-horizontal\/#primaryimage"},"thumbnailUrl":"https:\/\/escolofi.com\/store\/wp-content\/uploads\/2020\/04\/pack-horizontal-1.jpg","datePublished":"2020-04-20T11:31:26+00:00","dateModified":"2020-08-31T10:00:51+00:00","description":"En tonos azul claro, arena y coral, transmite toda la delicadeza de una suave ola, la belleza de un arrecife y el misterio del fondo marino.","breadcrumb":{"@id":"https:\/\/escolofi.com\/store\/producto\/pack-2-cuadernos-horizontal\/#breadcrumb"},"inLanguage":"es","potentialAction":[{"@type":"ReadAction","target":["https:\/\/escolofi.com\/store\/producto\/pack-2-cuadernos-horizontal\/"]}]},{"@type":"ImageObject","inLanguage":"es","@id":"https:\/\/escolofi.com\/store\/producto\/pack-2-cuadernos-horizontal\/#primaryimage","url":"https:\/\/escolofi.com\/store\/wp-content\/uploads\/2020\/04\/pack-horizontal-1.jpg","contentUrl":"https:\/\/escolofi.com\/store\/wp-content\/uploads\/2020\/04\/pack-horizontal-1.jpg","width":1200,"height":1200},{"@type":"BreadcrumbList","@id":"https:\/\/escolofi.com\/store\/producto\/pack-2-cuadernos-horizontal\/#breadcrumb","itemListElement":[{"@type":"ListItem","position":1,"name":"Portada","item":"https:\/\/escolofi.com\/store\/"},{"@type":"ListItem","position":2,"name":"Shop","item":"https:\/\/escolofi.com\/store\/shop\/"},{"@type":"ListItem","position":3,"name":"PACK 2 CUADERNOS HORIZONTAL"}]},{"@type":"WebSite","@id":"https:\/\/escolofi.com\/store\/#website","url":"https:\/\/escolofi.com\/store\/","name":"Escolofi Gallery","description":"","publisher":{"@id":"https:\/\/escolofi.com\/store\/#organization"},"potentialAction":[{"@type":"SearchAction","target":{"@type":"EntryPoint","urlTemplate":"https:\/\/escolofi.com\/store\/?s={search_term_string}"},"query-input":{"@type":"PropertyValueSpecification","valueRequired":true,"valueName":"search_term_string"}}],"inLanguage":"es"},{"@type":"Organization","@id":"https:\/\/escolofi.com\/store\/#organization","name":"Escolofi Gallery","url":"https:\/\/escolofi.com\/store\/","logo":{"@type":"ImageObject","inLanguage":"es","@id":"https:\/\/escolofi.com\/store\/#\/schema\/logo\/image\/","url":"https:\/\/escolofi.com\/store\/wp-content\/uploads\/2019\/10\/Logo-EscoGallery.png","contentUrl":"https:\/\/escolofi.com\/store\/wp-content\/uploads\/2019\/10\/Logo-EscoGallery.png","width":149,"height":75,"caption":"Escolofi Gallery"},"image":{"@id":"https:\/\/escolofi.com\/store\/#\/schema\/logo\/image\/"},"sameAs":["https:\/\/www.facebook.com\/escolofi","https:\/\/x.com\/escolofi","https:\/\/www.instagram.com\/escolofigallery\/","https:\/\/www.youtube.com\/channel\/UCmyVeNxKyzFk7lL0oxHhVRw"]}]}},"_links":{"self":[{"href":"https:\/\/escolofi.com\/store\/wp-json\/wp\/v2\/product\/3287","targetHints":{"allow":["GET"]}}],"collection":[{"href":"https:\/\/escolofi.com\/store\/wp-json\/wp\/v2\/product"}],"about":[{"href":"https:\/\/escolofi.com\/store\/wp-json\/wp\/v2\/types\/product"}],"replies":[{"embeddable":true,"href":"https:\/\/escolofi.com\/store\/wp-json\/wp\/v2\/comments?post=3287"}],"wp:featuredmedia":[{"embeddable":true,"href":"https:\/\/escolofi.com\/store\/wp-json\/wp\/v2\/media\/3288"}],"wp:attachment":[{"href":"https:\/\/escolofi.com\/store\/wp-json\/wp\/v2\/media?parent=3287"}],"wp:term":[{"taxonomy":"product_brand","embeddable":true,"href":"https:\/\/escolofi.com\/store\/wp-json\/wp\/v2\/product_brand?post=3287"},{"taxonomy":"product_cat","embeddable":true,"href":"https:\/\/escolofi.com\/store\/wp-json\/wp\/v2\/product_cat?post=3287"},{"taxonomy":"product_tag","embeddable":true,"href":"https:\/\/escolofi.com\/store\/wp-json\/wp\/v2\/product_tag?post=3287"}],"curies":[{"name":"wp","href":"https:\/\/api.w.org\/{rel}","templated":true}]}}