{"id":3423,"date":"2020-06-05T11:45:25","date_gmt":"2020-06-05T11:45:25","guid":{"rendered":"https:\/\/escolofi.com\/store\/?post_type=product&#038;p=3423"},"modified":"2020-10-19T14:40:58","modified_gmt":"2020-10-19T14:40:58","slug":"cuaderno-avion-bonito-con-cierre-de-goma","status":"publish","type":"product","link":"https:\/\/escolofi.com\/store\/producto\/cuaderno-avion-bonito-con-cierre-de-goma\/","title":{"rendered":"Cuaderno Avi\u00f3n Bonito con cierre de goma"},"content":{"rendered":"<p>Esta libreta asegura un vuelo confortable, un vuelo bajo para disfrutar de las vistas y regodearse en los detalles, un vuelo con muchas curvas, pero con la simple intenci\u00f3n de disfrutar del viaje. Un vuelo para llegar a tu destino con la sensaci\u00f3n de aterrizar en el lugar m\u00e1s bonito que hayas visto hasta el momento, donde todo est\u00e1 minuciosamente cuidado y perfectamente adornado.<br \/>\nEsta libreta te propone disfrutar, tantas veces como quieras en 40 hojas, pero eso, como bien sabes, depende de ti. Si no, ser\u00e1n 40 aviones bonitos.<\/p>\n<hr \/>\n<h4><strong>GARANT\u00cdA ESCOLOFI<\/strong><\/h4>\n<div>Escolofi Gallery cuenta con la Garant\u00eda Escolofi, una empresa s\u00f3lida en el sector de papeler\u00eda cuya misi\u00f3n es ofrecer un producto diferenciado por su alta calidad y gran variedad en cuadernos y libretas. Desde 1948 nos esmeramos para ofrecer a nuestros clientes un servicio personalizado y adaptado a sus necesidades. Adem\u00e1s, somos respetuosos con el medio ambiente. Disponemos del certificado que confirma que todas las materias primas que utilizamos proceden de plantaciones gestionadas de forma responsable, tanto a nivel medioambiental, como social y econ\u00f3mico. Asimismo, nuestros procesos de fabricaci\u00f3n cumplen con estos mismos criterios.<\/div>\n<hr \/>\n<h4><strong>COSTES DE ENV\u00cdO<\/strong><\/h4>\n<div>\n<div><b>Espa\u00f1a<\/b><\/div>\n<div>Pen\u00ednsula: <strong>4,95\u20ac<\/strong> Env\u00edo <strong>gratuito<\/strong> a partir de pedidos de<strong> 35\u20ac <\/strong>Entrega en 24 a 48 horas desde su expedici\u00f3n<br \/>\nBaleares: <strong>4,95 \u20ac<\/strong> Env\u00edo por <strong>2.95\u20ac<\/strong> a partir de pedidos de<strong> 35\u20ac <\/strong>Entrega en 3 a 5 d\u00edas desde su expedici\u00f3n.<\/div>\n<\/div>\n<hr \/>\n<p><em>(Aceptamos tarjetas <strong>Visa<\/strong>, <strong>Mastercard<\/strong>, <strong>American Express<\/strong> y <strong>Maestro<\/strong>. Nuestros pagos est\u00e1n procesados de manera segura y encriptada por nuestra entidad bancaria &#8220;Redsys&#8221;.)<\/em><\/p>\n","protected":false},"excerpt":{"rendered":"<ul>\n<li>Hojas de tama\u00f1o 25&#215;19 cm.<\/li>\n<li>40 hojas de papel de 90 gr.<\/li>\n<li>Hojas lisas (sin rayados).<\/li>\n<li>Libreta grapada.<\/li>\n<li>Cantos romos para mayor seguridad.<\/li>\n<li>Goma de cierre el\u00e1stica para mejor cierre y privacidad.<\/li>\n<li>Cuaderno con el certificado FSC\u00ae por el cual aseguramos una gesti\u00f3n de las materias primas responsable.<\/li>\n<\/ul>\n<hr \/>\n","protected":false},"featured_media":4742,"comment_status":"open","ping_status":"closed","template":"","meta":[],"product_brand":[],"product_cat":[66],"product_tag":[],"class_list":{"0":"post-3423","1":"product","2":"type-product","3":"status-publish","4":"has-post-thumbnail","6":"product_cat-aviones","8":"first","9":"instock","10":"taxable","11":"shipping-taxable","12":"purchasable","13":"product-type-simple"},"yoast_head":"<!-- This site is optimized with the Yoast SEO plugin v26.9 - https:\/\/yoast.com\/product\/yoast-seo-wordpress\/ -->\n<title>Cuaderno Avi\u00f3n Bonito con cierre de goma &#8211; Tienda Escolofi<\/title>\n<meta name=\"description\" content=\"Esta libreta te propone disfrutar, tantas veces como quieras en 40 hojas, pero eso, como bien sabes, depende de ti. Si no, ser\u00e1n 40 aviones bonitos.\" \/>\n<meta name=\"robots\" content=\"index, follow, max-snippet:-1, max-image-preview:large, max-video-preview:-1\" \/>\n<link rel=\"canonical\" href=\"https:\/\/escolofi.com\/store\/producto\/cuaderno-avion-bonito-con-cierre-de-goma\/\" \/>\n<meta property=\"og:locale\" content=\"es_ES\" \/>\n<meta property=\"og:type\" content=\"article\" \/>\n<meta property=\"og:title\" content=\"Cuaderno Avi\u00f3n Bonito con cierre de goma &#8211; Tienda Escolofi\" \/>\n<meta property=\"og:description\" content=\"Esta libreta te propone disfrutar, tantas veces como quieras en 40 hojas, pero eso, como bien sabes, depende de ti. Si no, ser\u00e1n 40 aviones bonitos.\" \/>\n<meta property=\"og:url\" content=\"https:\/\/escolofi.com\/store\/producto\/cuaderno-avion-bonito-con-cierre-de-goma\/\" \/>\n<meta property=\"og:site_name\" content=\"Tienda Escolofi\" \/>\n<meta property=\"article:publisher\" content=\"https:\/\/www.facebook.com\/escolofi\" \/>\n<meta property=\"article:modified_time\" content=\"2020-10-19T14:40:58+00:00\" \/>\n<meta property=\"og:image\" content=\"https:\/\/escolofi.com\/store\/wp-content\/uploads\/2020\/06\/airplane-4-1.png\" \/>\n\t<meta property=\"og:image:width\" content=\"1000\" \/>\n\t<meta property=\"og:image:height\" content=\"1000\" \/>\n\t<meta property=\"og:image:type\" content=\"image\/png\" \/>\n<meta name=\"twitter:card\" content=\"summary_large_image\" \/>\n<meta name=\"twitter:site\" content=\"@escolofi\" \/>\n<meta name=\"twitter:label1\" content=\"Tiempo de lectura\" \/>\n\t<meta name=\"twitter:data1\" content=\"1 minuto\" \/>\n<script type=\"application\/ld+json\" class=\"yoast-schema-graph\">{\"@context\":\"https:\/\/schema.org\",\"@graph\":[{\"@type\":\"WebPage\",\"@id\":\"https:\/\/escolofi.com\/store\/producto\/cuaderno-avion-bonito-con-cierre-de-goma\/\",\"url\":\"https:\/\/escolofi.com\/store\/producto\/cuaderno-avion-bonito-con-cierre-de-goma\/\",\"name\":\"Cuaderno Avi\u00f3n Bonito con cierre de goma &#8211; Tienda Escolofi\",\"isPartOf\":{\"@id\":\"https:\/\/escolofi.com\/store\/#website\"},\"primaryImageOfPage\":{\"@id\":\"https:\/\/escolofi.com\/store\/producto\/cuaderno-avion-bonito-con-cierre-de-goma\/#primaryimage\"},\"image\":{\"@id\":\"https:\/\/escolofi.com\/store\/producto\/cuaderno-avion-bonito-con-cierre-de-goma\/#primaryimage\"},\"thumbnailUrl\":\"https:\/\/escolofi.com\/store\/wp-content\/uploads\/2020\/06\/airplane-4-1.png\",\"datePublished\":\"2020-06-05T11:45:25+00:00\",\"dateModified\":\"2020-10-19T14:40:58+00:00\",\"description\":\"Esta libreta te propone disfrutar, tantas veces como quieras en 40 hojas, pero eso, como bien sabes, depende de ti. Si no, ser\u00e1n 40 aviones bonitos.\",\"breadcrumb\":{\"@id\":\"https:\/\/escolofi.com\/store\/producto\/cuaderno-avion-bonito-con-cierre-de-goma\/#breadcrumb\"},\"inLanguage\":\"es\",\"potentialAction\":[{\"@type\":\"ReadAction\",\"target\":[\"https:\/\/escolofi.com\/store\/producto\/cuaderno-avion-bonito-con-cierre-de-goma\/\"]}]},{\"@type\":\"ImageObject\",\"inLanguage\":\"es\",\"@id\":\"https:\/\/escolofi.com\/store\/producto\/cuaderno-avion-bonito-con-cierre-de-goma\/#primaryimage\",\"url\":\"https:\/\/escolofi.com\/store\/wp-content\/uploads\/2020\/06\/airplane-4-1.png\",\"contentUrl\":\"https:\/\/escolofi.com\/store\/wp-content\/uploads\/2020\/06\/airplane-4-1.png\",\"width\":1000,\"height\":1000},{\"@type\":\"BreadcrumbList\",\"@id\":\"https:\/\/escolofi.com\/store\/producto\/cuaderno-avion-bonito-con-cierre-de-goma\/#breadcrumb\",\"itemListElement\":[{\"@type\":\"ListItem\",\"position\":1,\"name\":\"Portada\",\"item\":\"https:\/\/escolofi.com\/store\/\"},{\"@type\":\"ListItem\",\"position\":2,\"name\":\"Shop\",\"item\":\"https:\/\/escolofi.com\/store\/shop\/\"},{\"@type\":\"ListItem\",\"position\":3,\"name\":\"Cuaderno Avi\u00f3n Bonito con cierre de goma\"}]},{\"@type\":\"WebSite\",\"@id\":\"https:\/\/escolofi.com\/store\/#website\",\"url\":\"https:\/\/escolofi.com\/store\/\",\"name\":\"Escolofi Gallery\",\"description\":\"\",\"publisher\":{\"@id\":\"https:\/\/escolofi.com\/store\/#organization\"},\"potentialAction\":[{\"@type\":\"SearchAction\",\"target\":{\"@type\":\"EntryPoint\",\"urlTemplate\":\"https:\/\/escolofi.com\/store\/?s={search_term_string}\"},\"query-input\":{\"@type\":\"PropertyValueSpecification\",\"valueRequired\":true,\"valueName\":\"search_term_string\"}}],\"inLanguage\":\"es\"},{\"@type\":\"Organization\",\"@id\":\"https:\/\/escolofi.com\/store\/#organization\",\"name\":\"Escolofi Gallery\",\"url\":\"https:\/\/escolofi.com\/store\/\",\"logo\":{\"@type\":\"ImageObject\",\"inLanguage\":\"es\",\"@id\":\"https:\/\/escolofi.com\/store\/#\/schema\/logo\/image\/\",\"url\":\"https:\/\/escolofi.com\/store\/wp-content\/uploads\/2019\/10\/Logo-EscoGallery.png\",\"contentUrl\":\"https:\/\/escolofi.com\/store\/wp-content\/uploads\/2019\/10\/Logo-EscoGallery.png\",\"width\":149,\"height\":75,\"caption\":\"Escolofi Gallery\"},\"image\":{\"@id\":\"https:\/\/escolofi.com\/store\/#\/schema\/logo\/image\/\"},\"sameAs\":[\"https:\/\/www.facebook.com\/escolofi\",\"https:\/\/x.com\/escolofi\",\"https:\/\/www.instagram.com\/escolofigallery\/\",\"https:\/\/www.youtube.com\/channel\/UCmyVeNxKyzFk7lL0oxHhVRw\"]}]}<\/script>\n<!-- \/ Yoast SEO plugin. -->","yoast_head_json":{"title":"Cuaderno Avi\u00f3n Bonito con cierre de goma &#8211; Tienda Escolofi","description":"Esta libreta te propone disfrutar, tantas veces como quieras en 40 hojas, pero eso, como bien sabes, depende de ti. Si no, ser\u00e1n 40 aviones bonitos.","robots":{"index":"index","follow":"follow","max-snippet":"max-snippet:-1","max-image-preview":"max-image-preview:large","max-video-preview":"max-video-preview:-1"},"canonical":"https:\/\/escolofi.com\/store\/producto\/cuaderno-avion-bonito-con-cierre-de-goma\/","og_locale":"es_ES","og_type":"article","og_title":"Cuaderno Avi\u00f3n Bonito con cierre de goma &#8211; Tienda Escolofi","og_description":"Esta libreta te propone disfrutar, tantas veces como quieras en 40 hojas, pero eso, como bien sabes, depende de ti. Si no, ser\u00e1n 40 aviones bonitos.","og_url":"https:\/\/escolofi.com\/store\/producto\/cuaderno-avion-bonito-con-cierre-de-goma\/","og_site_name":"Tienda Escolofi","article_publisher":"https:\/\/www.facebook.com\/escolofi","article_modified_time":"2020-10-19T14:40:58+00:00","og_image":[{"width":1000,"height":1000,"url":"https:\/\/escolofi.com\/store\/wp-content\/uploads\/2020\/06\/airplane-4-1.png","type":"image\/png"}],"twitter_card":"summary_large_image","twitter_site":"@escolofi","twitter_misc":{"Tiempo de lectura":"1 minuto"},"schema":{"@context":"https:\/\/schema.org","@graph":[{"@type":"WebPage","@id":"https:\/\/escolofi.com\/store\/producto\/cuaderno-avion-bonito-con-cierre-de-goma\/","url":"https:\/\/escolofi.com\/store\/producto\/cuaderno-avion-bonito-con-cierre-de-goma\/","name":"Cuaderno Avi\u00f3n Bonito con cierre de goma &#8211; Tienda Escolofi","isPartOf":{"@id":"https:\/\/escolofi.com\/store\/#website"},"primaryImageOfPage":{"@id":"https:\/\/escolofi.com\/store\/producto\/cuaderno-avion-bonito-con-cierre-de-goma\/#primaryimage"},"image":{"@id":"https:\/\/escolofi.com\/store\/producto\/cuaderno-avion-bonito-con-cierre-de-goma\/#primaryimage"},"thumbnailUrl":"https:\/\/escolofi.com\/store\/wp-content\/uploads\/2020\/06\/airplane-4-1.png","datePublished":"2020-06-05T11:45:25+00:00","dateModified":"2020-10-19T14:40:58+00:00","description":"Esta libreta te propone disfrutar, tantas veces como quieras en 40 hojas, pero eso, como bien sabes, depende de ti. Si no, ser\u00e1n 40 aviones bonitos.","breadcrumb":{"@id":"https:\/\/escolofi.com\/store\/producto\/cuaderno-avion-bonito-con-cierre-de-goma\/#breadcrumb"},"inLanguage":"es","potentialAction":[{"@type":"ReadAction","target":["https:\/\/escolofi.com\/store\/producto\/cuaderno-avion-bonito-con-cierre-de-goma\/"]}]},{"@type":"ImageObject","inLanguage":"es","@id":"https:\/\/escolofi.com\/store\/producto\/cuaderno-avion-bonito-con-cierre-de-goma\/#primaryimage","url":"https:\/\/escolofi.com\/store\/wp-content\/uploads\/2020\/06\/airplane-4-1.png","contentUrl":"https:\/\/escolofi.com\/store\/wp-content\/uploads\/2020\/06\/airplane-4-1.png","width":1000,"height":1000},{"@type":"BreadcrumbList","@id":"https:\/\/escolofi.com\/store\/producto\/cuaderno-avion-bonito-con-cierre-de-goma\/#breadcrumb","itemListElement":[{"@type":"ListItem","position":1,"name":"Portada","item":"https:\/\/escolofi.com\/store\/"},{"@type":"ListItem","position":2,"name":"Shop","item":"https:\/\/escolofi.com\/store\/shop\/"},{"@type":"ListItem","position":3,"name":"Cuaderno Avi\u00f3n Bonito con cierre de goma"}]},{"@type":"WebSite","@id":"https:\/\/escolofi.com\/store\/#website","url":"https:\/\/escolofi.com\/store\/","name":"Escolofi Gallery","description":"","publisher":{"@id":"https:\/\/escolofi.com\/store\/#organization"},"potentialAction":[{"@type":"SearchAction","target":{"@type":"EntryPoint","urlTemplate":"https:\/\/escolofi.com\/store\/?s={search_term_string}"},"query-input":{"@type":"PropertyValueSpecification","valueRequired":true,"valueName":"search_term_string"}}],"inLanguage":"es"},{"@type":"Organization","@id":"https:\/\/escolofi.com\/store\/#organization","name":"Escolofi Gallery","url":"https:\/\/escolofi.com\/store\/","logo":{"@type":"ImageObject","inLanguage":"es","@id":"https:\/\/escolofi.com\/store\/#\/schema\/logo\/image\/","url":"https:\/\/escolofi.com\/store\/wp-content\/uploads\/2019\/10\/Logo-EscoGallery.png","contentUrl":"https:\/\/escolofi.com\/store\/wp-content\/uploads\/2019\/10\/Logo-EscoGallery.png","width":149,"height":75,"caption":"Escolofi Gallery"},"image":{"@id":"https:\/\/escolofi.com\/store\/#\/schema\/logo\/image\/"},"sameAs":["https:\/\/www.facebook.com\/escolofi","https:\/\/x.com\/escolofi","https:\/\/www.instagram.com\/escolofigallery\/","https:\/\/www.youtube.com\/channel\/UCmyVeNxKyzFk7lL0oxHhVRw"]}]}},"_links":{"self":[{"href":"https:\/\/escolofi.com\/store\/wp-json\/wp\/v2\/product\/3423","targetHints":{"allow":["GET"]}}],"collection":[{"href":"https:\/\/escolofi.com\/store\/wp-json\/wp\/v2\/product"}],"about":[{"href":"https:\/\/escolofi.com\/store\/wp-json\/wp\/v2\/types\/product"}],"replies":[{"embeddable":true,"href":"https:\/\/escolofi.com\/store\/wp-json\/wp\/v2\/comments?post=3423"}],"wp:featuredmedia":[{"embeddable":true,"href":"https:\/\/escolofi.com\/store\/wp-json\/wp\/v2\/media\/4742"}],"wp:attachment":[{"href":"https:\/\/escolofi.com\/store\/wp-json\/wp\/v2\/media?parent=3423"}],"wp:term":[{"taxonomy":"product_brand","embeddable":true,"href":"https:\/\/escolofi.com\/store\/wp-json\/wp\/v2\/product_brand?post=3423"},{"taxonomy":"product_cat","embeddable":true,"href":"https:\/\/escolofi.com\/store\/wp-json\/wp\/v2\/product_cat?post=3423"},{"taxonomy":"product_tag","embeddable":true,"href":"https:\/\/escolofi.com\/store\/wp-json\/wp\/v2\/product_tag?post=3423"}],"curies":[{"name":"wp","href":"https:\/\/api.w.org\/{rel}","templated":true}]}}