{"id":540,"date":"2017-06-06T10:22:42","date_gmt":"2017-06-06T10:22:42","guid":{"rendered":"https:\/\/escolofigallery.com\/?post_type=product&#038;p=540"},"modified":"2022-01-12T15:27:21","modified_gmt":"2022-01-12T15:27:21","slug":"libreta-shell-beach","status":"publish","type":"product","link":"https:\/\/escolofi.com\/store\/producto\/libreta-shell-beach\/","title":{"rendered":"LIBRETA SHELL BEACH A5"},"content":{"rendered":"<p>Dibujas tus pasos en la arena de una playa paradis\u00edaca, recoges conchas de diferentes tama\u00f1os, colores y formas, las llevas contigo y decoras tu rinc\u00f3n favorito con los recuerdos del mar\u2026 Eres t\u00fa, amante de los detalles naturales de la vida, quien mejor podr\u00e1 disfrutar de la libreta Shell Beach, que con su precioso dise\u00f1o de conchas te llevar\u00e1, siempre que quieras, hasta tu para\u00edso particular de calma.<\/p>\n<hr \/>\n<h4><strong>GARANT\u00cdA ESCOLOFI<\/strong><\/h4>\n<div>Escolofi Gallery cuenta con la Garant\u00eda Escolofi, una empresa s\u00f3lida en el sector de papeler\u00eda cuya misi\u00f3n es ofrecer un producto diferenciado por su alta calidad y gran variedad en cuadernos y libretas. Desde 1948 nos esmeramos para ofrecer a nuestros clientes un servicio personalizado y adaptado a sus necesidades. Adem\u00e1s, somos respetuosos con el medio ambiente. Disponemos del certificado que confirma que todas las materias primas que utilizamos proceden de plantaciones gestionadas de forma responsable, tanto a nivel medioambiental, como social y econ\u00f3mico. Asimismo, nuestros procesos de fabricaci\u00f3n cumplen con estos mismos criterios.<\/div>\n<hr \/>\n<h4><strong>COSTES DE ENV\u00cdO<\/strong><\/h4>\n<div>\n<div><b>Espa\u00f1a<\/b><\/div>\n<div>Pen\u00ednsula: <strong>4,95\u20ac<\/strong> Env\u00edo <strong>gratuito<\/strong> a partir de pedidos de<strong> 35\u20ac <\/strong>Entrega en 24 a 48 horas desde su expedici\u00f3n<br \/>\nBaleares: <strong>4,95 \u20ac<\/strong> Env\u00edo por <strong>2.95\u20ac<\/strong> a partir de pedidos de<strong> 35\u20ac <\/strong>Entrega en 3 a 5 d\u00edas desde su expedici\u00f3n.<\/div>\n<\/div>\n<hr \/>\n<p><em>(Aceptamos tarjetas <strong>Visa<\/strong>, <strong>Mastercard<\/strong>, <strong>American Express<\/strong> y <strong>Maestro<\/strong>. Nuestros pagos est\u00e1n procesados de manera segura y encriptada por nuestra entidad bancaria &#8220;Redsys&#8221;.)<\/em><\/p>\n","protected":false},"excerpt":{"rendered":"<div>\n<ul>\n<li>Hojas de tama\u00f1o Din A5<u><\/u><\/li>\n<li>80 p\u00e1ginas (40 hojas) de papel Premium de 90 gr.<\/li>\n<li>Hojas con rayado Dots (punteado).<\/li>\n<li>Libreta grapada.<\/li>\n<li>Cantos romos para mayor seguridad.<\/li>\n<li>Goma de cierre el\u00e1stica para mejor cierre y privacidad.<\/li>\n<li>Cuaderno con el certificado FSC\u00ae por el cual aseguramos una gesti\u00f3n de las materias primas responsable.<\/li>\n<\/ul>\n<\/div>\n<div>\n<hr \/>\n<\/div>\n","protected":false},"featured_media":2364,"comment_status":"open","ping_status":"closed","template":"","meta":[],"product_brand":[],"product_cat":[48,45],"product_tag":[],"class_list":{"0":"post-540","1":"product","2":"type-product","3":"status-publish","4":"has-post-thumbnail","6":"product_cat-grapadas","7":"product_cat-mosaic","9":"first","10":"instock","11":"taxable","12":"shipping-taxable","13":"purchasable","14":"product-type-simple"},"yoast_head":"<!-- This site is optimized with the Yoast SEO plugin v26.9 - https:\/\/yoast.com\/product\/yoast-seo-wordpress\/ -->\n<title>Libreta shell beach libreta A5 | Libretas Escolofi Gallery<\/title>\n<meta name=\"description\" content=\"La libreta shell beach de Escolofi Gallery es una libreta A5 rayado, una libreta con un precioso dise\u00f1o de conchas que te traer\u00e1 recuerdos del mar\" \/>\n<meta name=\"robots\" content=\"index, follow, max-snippet:-1, max-image-preview:large, max-video-preview:-1\" \/>\n<link rel=\"canonical\" href=\"https:\/\/escolofi.com\/store\/producto\/libreta-shell-beach\/\" \/>\n<meta property=\"og:locale\" content=\"es_ES\" \/>\n<meta property=\"og:type\" content=\"article\" \/>\n<meta property=\"og:title\" content=\"Libreta shell beach libreta A5 | Libretas Escolofi Gallery\" \/>\n<meta property=\"og:description\" content=\"La libreta shell beach de Escolofi Gallery es una libreta A5 rayado, una libreta con un precioso dise\u00f1o de conchas que te traer\u00e1 recuerdos del mar\" \/>\n<meta property=\"og:url\" content=\"https:\/\/escolofi.com\/store\/producto\/libreta-shell-beach\/\" \/>\n<meta property=\"og:site_name\" content=\"Tienda Escolofi\" \/>\n<meta property=\"article:publisher\" content=\"https:\/\/www.facebook.com\/escolofi\" \/>\n<meta property=\"article:modified_time\" content=\"2022-01-12T15:27:21+00:00\" \/>\n<meta property=\"og:image\" content=\"https:\/\/escolofi.com\/store\/wp-content\/uploads\/2017\/06\/5shell-beach-1.jpg\" \/>\n\t<meta property=\"og:image:width\" content=\"850\" \/>\n\t<meta property=\"og:image:height\" content=\"850\" \/>\n\t<meta property=\"og:image:type\" content=\"image\/jpeg\" \/>\n<meta name=\"twitter:card\" content=\"summary_large_image\" \/>\n<meta name=\"twitter:site\" content=\"@escolofi\" \/>\n<meta name=\"twitter:label1\" content=\"Tiempo de lectura\" \/>\n\t<meta name=\"twitter:data1\" content=\"1 minuto\" \/>\n<script type=\"application\/ld+json\" class=\"yoast-schema-graph\">{\"@context\":\"https:\/\/schema.org\",\"@graph\":[{\"@type\":\"WebPage\",\"@id\":\"https:\/\/escolofi.com\/store\/producto\/libreta-shell-beach\/\",\"url\":\"https:\/\/escolofi.com\/store\/producto\/libreta-shell-beach\/\",\"name\":\"Libreta shell beach libreta A5 | Libretas Escolofi Gallery\",\"isPartOf\":{\"@id\":\"https:\/\/escolofi.com\/store\/#website\"},\"primaryImageOfPage\":{\"@id\":\"https:\/\/escolofi.com\/store\/producto\/libreta-shell-beach\/#primaryimage\"},\"image\":{\"@id\":\"https:\/\/escolofi.com\/store\/producto\/libreta-shell-beach\/#primaryimage\"},\"thumbnailUrl\":\"https:\/\/escolofi.com\/store\/wp-content\/uploads\/2017\/06\/5shell-beach-1.jpg\",\"datePublished\":\"2017-06-06T10:22:42+00:00\",\"dateModified\":\"2022-01-12T15:27:21+00:00\",\"description\":\"La libreta shell beach de Escolofi Gallery es una libreta A5 rayado, una libreta con un precioso dise\u00f1o de conchas que te traer\u00e1 recuerdos del mar\",\"breadcrumb\":{\"@id\":\"https:\/\/escolofi.com\/store\/producto\/libreta-shell-beach\/#breadcrumb\"},\"inLanguage\":\"es\",\"potentialAction\":[{\"@type\":\"ReadAction\",\"target\":[\"https:\/\/escolofi.com\/store\/producto\/libreta-shell-beach\/\"]}]},{\"@type\":\"ImageObject\",\"inLanguage\":\"es\",\"@id\":\"https:\/\/escolofi.com\/store\/producto\/libreta-shell-beach\/#primaryimage\",\"url\":\"https:\/\/escolofi.com\/store\/wp-content\/uploads\/2017\/06\/5shell-beach-1.jpg\",\"contentUrl\":\"https:\/\/escolofi.com\/store\/wp-content\/uploads\/2017\/06\/5shell-beach-1.jpg\",\"width\":850,\"height\":850},{\"@type\":\"BreadcrumbList\",\"@id\":\"https:\/\/escolofi.com\/store\/producto\/libreta-shell-beach\/#breadcrumb\",\"itemListElement\":[{\"@type\":\"ListItem\",\"position\":1,\"name\":\"Portada\",\"item\":\"https:\/\/escolofi.com\/store\/\"},{\"@type\":\"ListItem\",\"position\":2,\"name\":\"Shop\",\"item\":\"https:\/\/escolofi.com\/store\/shop\/\"},{\"@type\":\"ListItem\",\"position\":3,\"name\":\"LIBRETA SHELL BEACH A5\"}]},{\"@type\":\"WebSite\",\"@id\":\"https:\/\/escolofi.com\/store\/#website\",\"url\":\"https:\/\/escolofi.com\/store\/\",\"name\":\"Escolofi Gallery\",\"description\":\"\",\"publisher\":{\"@id\":\"https:\/\/escolofi.com\/store\/#organization\"},\"potentialAction\":[{\"@type\":\"SearchAction\",\"target\":{\"@type\":\"EntryPoint\",\"urlTemplate\":\"https:\/\/escolofi.com\/store\/?s={search_term_string}\"},\"query-input\":{\"@type\":\"PropertyValueSpecification\",\"valueRequired\":true,\"valueName\":\"search_term_string\"}}],\"inLanguage\":\"es\"},{\"@type\":\"Organization\",\"@id\":\"https:\/\/escolofi.com\/store\/#organization\",\"name\":\"Escolofi Gallery\",\"url\":\"https:\/\/escolofi.com\/store\/\",\"logo\":{\"@type\":\"ImageObject\",\"inLanguage\":\"es\",\"@id\":\"https:\/\/escolofi.com\/store\/#\/schema\/logo\/image\/\",\"url\":\"https:\/\/escolofi.com\/store\/wp-content\/uploads\/2019\/10\/Logo-EscoGallery.png\",\"contentUrl\":\"https:\/\/escolofi.com\/store\/wp-content\/uploads\/2019\/10\/Logo-EscoGallery.png\",\"width\":149,\"height\":75,\"caption\":\"Escolofi Gallery\"},\"image\":{\"@id\":\"https:\/\/escolofi.com\/store\/#\/schema\/logo\/image\/\"},\"sameAs\":[\"https:\/\/www.facebook.com\/escolofi\",\"https:\/\/x.com\/escolofi\",\"https:\/\/www.instagram.com\/escolofigallery\/\",\"https:\/\/www.youtube.com\/channel\/UCmyVeNxKyzFk7lL0oxHhVRw\"]}]}<\/script>\n<!-- \/ Yoast SEO plugin. -->","yoast_head_json":{"title":"Libreta shell beach libreta A5 | Libretas Escolofi Gallery","description":"La libreta shell beach de Escolofi Gallery es una libreta A5 rayado, una libreta con un precioso dise\u00f1o de conchas que te traer\u00e1 recuerdos del mar","robots":{"index":"index","follow":"follow","max-snippet":"max-snippet:-1","max-image-preview":"max-image-preview:large","max-video-preview":"max-video-preview:-1"},"canonical":"https:\/\/escolofi.com\/store\/producto\/libreta-shell-beach\/","og_locale":"es_ES","og_type":"article","og_title":"Libreta shell beach libreta A5 | Libretas Escolofi Gallery","og_description":"La libreta shell beach de Escolofi Gallery es una libreta A5 rayado, una libreta con un precioso dise\u00f1o de conchas que te traer\u00e1 recuerdos del mar","og_url":"https:\/\/escolofi.com\/store\/producto\/libreta-shell-beach\/","og_site_name":"Tienda Escolofi","article_publisher":"https:\/\/www.facebook.com\/escolofi","article_modified_time":"2022-01-12T15:27:21+00:00","og_image":[{"width":850,"height":850,"url":"https:\/\/escolofi.com\/store\/wp-content\/uploads\/2017\/06\/5shell-beach-1.jpg","type":"image\/jpeg"}],"twitter_card":"summary_large_image","twitter_site":"@escolofi","twitter_misc":{"Tiempo de lectura":"1 minuto"},"schema":{"@context":"https:\/\/schema.org","@graph":[{"@type":"WebPage","@id":"https:\/\/escolofi.com\/store\/producto\/libreta-shell-beach\/","url":"https:\/\/escolofi.com\/store\/producto\/libreta-shell-beach\/","name":"Libreta shell beach libreta A5 | Libretas Escolofi Gallery","isPartOf":{"@id":"https:\/\/escolofi.com\/store\/#website"},"primaryImageOfPage":{"@id":"https:\/\/escolofi.com\/store\/producto\/libreta-shell-beach\/#primaryimage"},"image":{"@id":"https:\/\/escolofi.com\/store\/producto\/libreta-shell-beach\/#primaryimage"},"thumbnailUrl":"https:\/\/escolofi.com\/store\/wp-content\/uploads\/2017\/06\/5shell-beach-1.jpg","datePublished":"2017-06-06T10:22:42+00:00","dateModified":"2022-01-12T15:27:21+00:00","description":"La libreta shell beach de Escolofi Gallery es una libreta A5 rayado, una libreta con un precioso dise\u00f1o de conchas que te traer\u00e1 recuerdos del mar","breadcrumb":{"@id":"https:\/\/escolofi.com\/store\/producto\/libreta-shell-beach\/#breadcrumb"},"inLanguage":"es","potentialAction":[{"@type":"ReadAction","target":["https:\/\/escolofi.com\/store\/producto\/libreta-shell-beach\/"]}]},{"@type":"ImageObject","inLanguage":"es","@id":"https:\/\/escolofi.com\/store\/producto\/libreta-shell-beach\/#primaryimage","url":"https:\/\/escolofi.com\/store\/wp-content\/uploads\/2017\/06\/5shell-beach-1.jpg","contentUrl":"https:\/\/escolofi.com\/store\/wp-content\/uploads\/2017\/06\/5shell-beach-1.jpg","width":850,"height":850},{"@type":"BreadcrumbList","@id":"https:\/\/escolofi.com\/store\/producto\/libreta-shell-beach\/#breadcrumb","itemListElement":[{"@type":"ListItem","position":1,"name":"Portada","item":"https:\/\/escolofi.com\/store\/"},{"@type":"ListItem","position":2,"name":"Shop","item":"https:\/\/escolofi.com\/store\/shop\/"},{"@type":"ListItem","position":3,"name":"LIBRETA SHELL BEACH A5"}]},{"@type":"WebSite","@id":"https:\/\/escolofi.com\/store\/#website","url":"https:\/\/escolofi.com\/store\/","name":"Escolofi Gallery","description":"","publisher":{"@id":"https:\/\/escolofi.com\/store\/#organization"},"potentialAction":[{"@type":"SearchAction","target":{"@type":"EntryPoint","urlTemplate":"https:\/\/escolofi.com\/store\/?s={search_term_string}"},"query-input":{"@type":"PropertyValueSpecification","valueRequired":true,"valueName":"search_term_string"}}],"inLanguage":"es"},{"@type":"Organization","@id":"https:\/\/escolofi.com\/store\/#organization","name":"Escolofi Gallery","url":"https:\/\/escolofi.com\/store\/","logo":{"@type":"ImageObject","inLanguage":"es","@id":"https:\/\/escolofi.com\/store\/#\/schema\/logo\/image\/","url":"https:\/\/escolofi.com\/store\/wp-content\/uploads\/2019\/10\/Logo-EscoGallery.png","contentUrl":"https:\/\/escolofi.com\/store\/wp-content\/uploads\/2019\/10\/Logo-EscoGallery.png","width":149,"height":75,"caption":"Escolofi Gallery"},"image":{"@id":"https:\/\/escolofi.com\/store\/#\/schema\/logo\/image\/"},"sameAs":["https:\/\/www.facebook.com\/escolofi","https:\/\/x.com\/escolofi","https:\/\/www.instagram.com\/escolofigallery\/","https:\/\/www.youtube.com\/channel\/UCmyVeNxKyzFk7lL0oxHhVRw"]}]}},"_links":{"self":[{"href":"https:\/\/escolofi.com\/store\/wp-json\/wp\/v2\/product\/540","targetHints":{"allow":["GET"]}}],"collection":[{"href":"https:\/\/escolofi.com\/store\/wp-json\/wp\/v2\/product"}],"about":[{"href":"https:\/\/escolofi.com\/store\/wp-json\/wp\/v2\/types\/product"}],"replies":[{"embeddable":true,"href":"https:\/\/escolofi.com\/store\/wp-json\/wp\/v2\/comments?post=540"}],"wp:featuredmedia":[{"embeddable":true,"href":"https:\/\/escolofi.com\/store\/wp-json\/wp\/v2\/media\/2364"}],"wp:attachment":[{"href":"https:\/\/escolofi.com\/store\/wp-json\/wp\/v2\/media?parent=540"}],"wp:term":[{"taxonomy":"product_brand","embeddable":true,"href":"https:\/\/escolofi.com\/store\/wp-json\/wp\/v2\/product_brand?post=540"},{"taxonomy":"product_cat","embeddable":true,"href":"https:\/\/escolofi.com\/store\/wp-json\/wp\/v2\/product_cat?post=540"},{"taxonomy":"product_tag","embeddable":true,"href":"https:\/\/escolofi.com\/store\/wp-json\/wp\/v2\/product_tag?post=540"}],"curies":[{"name":"wp","href":"https:\/\/api.w.org\/{rel}","templated":true}]}}