{"id":584,"date":"2017-06-07T11:15:51","date_gmt":"2017-06-07T11:15:51","guid":{"rendered":"https:\/\/escolofigallery.com\/?post_type=product&#038;p=584"},"modified":"2022-01-12T14:39:24","modified_gmt":"2022-01-12T14:39:24","slug":"libreta-cafe-paris","status":"publish","type":"product","link":"https:\/\/escolofi.com\/store\/producto\/libreta-cafe-paris\/","title":{"rendered":"LIBRETA CAFE PARIS A5"},"content":{"rendered":"<p>El Par\u00eds de la Belle \u00c9poque represent\u00f3 un estallido de optimismo, elegancia y progreso. A finales del siglo XIX la ciudad de la luz vio nacer enormes proyectos como el Metro, la Torre Eiffel o la construcci\u00f3n del Sagrado Coraz\u00f3n. La libreta que hemos bautizado con el nombre de Caf\u00e9 Par\u00eds, es perfecta para gourmets, restauradores, decoradores, anticuarios\u2026 Un canto al glamour, la alta costura, el buen caf\u00e9 y el delicioso chocolate, los nuevos estilos decorativos y sin duda, la pasi\u00f3n por la vida.<\/p>\n<hr \/>\n<h4><strong>GARANT\u00cdA ESCOLOFI<\/strong><\/h4>\n<div>Escolofi Gallery cuenta con la Garant\u00eda Escolofi, una empresa s\u00f3lida en el sector de papeler\u00eda cuya misi\u00f3n es ofrecer un producto diferenciado por su alta calidad y gran variedad en cuadernos y libretas. Desde 1948 nos esmeramos para ofrecer a nuestros clientes un servicio personalizado y adaptado a sus necesidades. Adem\u00e1s, somos respetuosos con el medio ambiente. Disponemos del certificado que confirma que todas las materias primas que utilizamos proceden de plantaciones gestionadas de forma responsable, tanto a nivel medioambiental, como social y econ\u00f3mico. Asimismo, nuestros procesos de fabricaci\u00f3n cumplen con estos mismos criterios.<\/div>\n<hr \/>\n<h4><strong>COSTES DE ENV\u00cdO<\/strong><\/h4>\n<div>\n<div><b>Espa\u00f1a<\/b><\/div>\n<div>Pen\u00ednsula: <strong>4,95\u20ac<\/strong> Env\u00edo <strong>gratuito<\/strong> a partir de pedidos de<strong> 35\u20ac <\/strong>Entrega en 24 a 48 horas desde su expedici\u00f3n<br \/>\nBaleares: <strong>4,95 \u20ac<\/strong> Env\u00edo por <strong>2.95\u20ac<\/strong> a partir de pedidos de<strong> 35\u20ac <\/strong>Entrega en 3 a 5 d\u00edas desde su expedici\u00f3n.<\/div>\n<\/div>\n<hr \/>\n<p><em>(Aceptamos tarjetas <strong>Visa<\/strong>, <strong>Mastercard<\/strong>, <strong>American Express<\/strong> y <strong>Maestro<\/strong>. Nuestros pagos est\u00e1n procesados de manera segura y encriptada por nuestra entidad bancaria &#8220;Redsys&#8221;.)<\/em><\/p>\n","protected":false},"excerpt":{"rendered":"<div>\n<ul>\n<li>Hojas de tama\u00f1o Din A5<u><\/u><\/li>\n<li>80 p\u00e1ginas (40 hojas) de papel Premium de 90 gr.<\/li>\n<li>Hojas con rayado Dots (punteado).<\/li>\n<li>Libreta grapada.<\/li>\n<li>Cantos romos para mayor seguridad.<\/li>\n<li>Goma de cierre el\u00e1stica para mejor cierre y privacidad.<\/li>\n<li>Cuaderno con el certificado FSC\u00ae por el cual aseguramos una gesti\u00f3n de las materias primas responsable.<\/li>\n<\/ul>\n<\/div>\n<div>\n<hr \/>\n<\/div>\n","protected":false},"featured_media":2405,"comment_status":"open","ping_status":"closed","template":"","meta":[],"product_brand":[],"product_cat":[48,45],"product_tag":[],"class_list":{"0":"post-584","1":"product","2":"type-product","3":"status-publish","4":"has-post-thumbnail","6":"product_cat-grapadas","7":"product_cat-mosaic","9":"first","10":"instock","11":"taxable","12":"shipping-taxable","13":"purchasable","14":"product-type-simple"},"yoast_head":"<!-- This site is optimized with the Yoast SEO plugin v27.5 - https:\/\/yoast.com\/product\/yoast-seo-wordpress\/ -->\n<title>Libreta caf\u00e9 Par\u00eds libreta A5 papel rayado | Libretas Escolofi Gallery<\/title>\n<meta name=\"description\" content=\"Libreta Caf\u00e9 Par\u00eds. La libreta que hemos bautizado con el nombre de Caf\u00e9 Par\u00eds, es perfecta para gourmets, restauradores, decoradores, anticuarios ...\" \/>\n<meta name=\"robots\" content=\"index, follow, max-snippet:-1, max-image-preview:large, max-video-preview:-1\" \/>\n<link rel=\"canonical\" href=\"https:\/\/escolofi.com\/store\/producto\/libreta-cafe-paris\/\" \/>\n<meta property=\"og:locale\" content=\"es_ES\" \/>\n<meta property=\"og:type\" content=\"article\" \/>\n<meta property=\"og:title\" content=\"Libreta caf\u00e9 Par\u00eds libreta A5 papel rayado | Libretas Escolofi Gallery\" \/>\n<meta property=\"og:description\" content=\"Libreta Caf\u00e9 Par\u00eds. La libreta que hemos bautizado con el nombre de Caf\u00e9 Par\u00eds, es perfecta para gourmets, restauradores, decoradores, anticuarios ...\" \/>\n<meta property=\"og:url\" content=\"https:\/\/escolofi.com\/store\/producto\/libreta-cafe-paris\/\" \/>\n<meta property=\"og:site_name\" content=\"Tienda Escolofi\" \/>\n<meta property=\"article:publisher\" content=\"https:\/\/www.facebook.com\/escolofi\" \/>\n<meta property=\"article:modified_time\" content=\"2022-01-12T14:39:24+00:00\" \/>\n<meta property=\"og:image\" content=\"https:\/\/escolofi.com\/store\/wp-content\/uploads\/2017\/06\/25cafeparis-3.jpg\" \/>\n\t<meta property=\"og:image:width\" content=\"850\" \/>\n\t<meta property=\"og:image:height\" content=\"850\" \/>\n\t<meta property=\"og:image:type\" content=\"image\/jpeg\" \/>\n<meta name=\"twitter:card\" content=\"summary_large_image\" \/>\n<meta name=\"twitter:site\" content=\"@escolofi\" \/>\n<meta name=\"twitter:label1\" content=\"Tiempo de lectura\" \/>\n\t<meta name=\"twitter:data1\" content=\"1 minuto\" \/>\n<script type=\"application\/ld+json\" class=\"yoast-schema-graph\">{\"@context\":\"https:\\\/\\\/schema.org\",\"@graph\":[{\"@type\":\"WebPage\",\"@id\":\"https:\\\/\\\/escolofi.com\\\/store\\\/producto\\\/libreta-cafe-paris\\\/\",\"url\":\"https:\\\/\\\/escolofi.com\\\/store\\\/producto\\\/libreta-cafe-paris\\\/\",\"name\":\"Libreta caf\u00e9 Par\u00eds libreta A5 papel rayado | Libretas Escolofi Gallery\",\"isPartOf\":{\"@id\":\"https:\\\/\\\/escolofi.com\\\/store\\\/#website\"},\"primaryImageOfPage\":{\"@id\":\"https:\\\/\\\/escolofi.com\\\/store\\\/producto\\\/libreta-cafe-paris\\\/#primaryimage\"},\"image\":{\"@id\":\"https:\\\/\\\/escolofi.com\\\/store\\\/producto\\\/libreta-cafe-paris\\\/#primaryimage\"},\"thumbnailUrl\":\"https:\\\/\\\/escolofi.com\\\/store\\\/wp-content\\\/uploads\\\/2017\\\/06\\\/25cafeparis-3.jpg\",\"datePublished\":\"2017-06-07T11:15:51+00:00\",\"dateModified\":\"2022-01-12T14:39:24+00:00\",\"description\":\"Libreta Caf\u00e9 Par\u00eds. La libreta que hemos bautizado con el nombre de Caf\u00e9 Par\u00eds, es perfecta para gourmets, restauradores, decoradores, anticuarios ...\",\"breadcrumb\":{\"@id\":\"https:\\\/\\\/escolofi.com\\\/store\\\/producto\\\/libreta-cafe-paris\\\/#breadcrumb\"},\"inLanguage\":\"es\",\"potentialAction\":[{\"@type\":\"ReadAction\",\"target\":[\"https:\\\/\\\/escolofi.com\\\/store\\\/producto\\\/libreta-cafe-paris\\\/\"]}]},{\"@type\":\"ImageObject\",\"inLanguage\":\"es\",\"@id\":\"https:\\\/\\\/escolofi.com\\\/store\\\/producto\\\/libreta-cafe-paris\\\/#primaryimage\",\"url\":\"https:\\\/\\\/escolofi.com\\\/store\\\/wp-content\\\/uploads\\\/2017\\\/06\\\/25cafeparis-3.jpg\",\"contentUrl\":\"https:\\\/\\\/escolofi.com\\\/store\\\/wp-content\\\/uploads\\\/2017\\\/06\\\/25cafeparis-3.jpg\",\"width\":850,\"height\":850},{\"@type\":\"BreadcrumbList\",\"@id\":\"https:\\\/\\\/escolofi.com\\\/store\\\/producto\\\/libreta-cafe-paris\\\/#breadcrumb\",\"itemListElement\":[{\"@type\":\"ListItem\",\"position\":1,\"name\":\"Portada\",\"item\":\"https:\\\/\\\/escolofi.com\\\/store\\\/\"},{\"@type\":\"ListItem\",\"position\":2,\"name\":\"Shop\",\"item\":\"https:\\\/\\\/escolofi.com\\\/store\\\/shop\\\/\"},{\"@type\":\"ListItem\",\"position\":3,\"name\":\"LIBRETA CAFE PARIS A5\"}]},{\"@type\":\"WebSite\",\"@id\":\"https:\\\/\\\/escolofi.com\\\/store\\\/#website\",\"url\":\"https:\\\/\\\/escolofi.com\\\/store\\\/\",\"name\":\"Escolofi Gallery\",\"description\":\"\",\"publisher\":{\"@id\":\"https:\\\/\\\/escolofi.com\\\/store\\\/#organization\"},\"potentialAction\":[{\"@type\":\"SearchAction\",\"target\":{\"@type\":\"EntryPoint\",\"urlTemplate\":\"https:\\\/\\\/escolofi.com\\\/store\\\/?s={search_term_string}\"},\"query-input\":{\"@type\":\"PropertyValueSpecification\",\"valueRequired\":true,\"valueName\":\"search_term_string\"}}],\"inLanguage\":\"es\"},{\"@type\":\"Organization\",\"@id\":\"https:\\\/\\\/escolofi.com\\\/store\\\/#organization\",\"name\":\"Escolofi Gallery\",\"url\":\"https:\\\/\\\/escolofi.com\\\/store\\\/\",\"logo\":{\"@type\":\"ImageObject\",\"inLanguage\":\"es\",\"@id\":\"https:\\\/\\\/escolofi.com\\\/store\\\/#\\\/schema\\\/logo\\\/image\\\/\",\"url\":\"https:\\\/\\\/escolofi.com\\\/store\\\/wp-content\\\/uploads\\\/2019\\\/10\\\/Logo-EscoGallery.png\",\"contentUrl\":\"https:\\\/\\\/escolofi.com\\\/store\\\/wp-content\\\/uploads\\\/2019\\\/10\\\/Logo-EscoGallery.png\",\"width\":149,\"height\":75,\"caption\":\"Escolofi Gallery\"},\"image\":{\"@id\":\"https:\\\/\\\/escolofi.com\\\/store\\\/#\\\/schema\\\/logo\\\/image\\\/\"},\"sameAs\":[\"https:\\\/\\\/www.facebook.com\\\/escolofi\",\"https:\\\/\\\/x.com\\\/escolofi\",\"https:\\\/\\\/www.instagram.com\\\/escolofigallery\\\/\",\"https:\\\/\\\/www.youtube.com\\\/channel\\\/UCmyVeNxKyzFk7lL0oxHhVRw\"]}]}<\/script>\n<!-- \/ Yoast SEO plugin. -->","yoast_head_json":{"title":"Libreta caf\u00e9 Par\u00eds libreta A5 papel rayado | Libretas Escolofi Gallery","description":"Libreta Caf\u00e9 Par\u00eds. La libreta que hemos bautizado con el nombre de Caf\u00e9 Par\u00eds, es perfecta para gourmets, restauradores, decoradores, anticuarios ...","robots":{"index":"index","follow":"follow","max-snippet":"max-snippet:-1","max-image-preview":"max-image-preview:large","max-video-preview":"max-video-preview:-1"},"canonical":"https:\/\/escolofi.com\/store\/producto\/libreta-cafe-paris\/","og_locale":"es_ES","og_type":"article","og_title":"Libreta caf\u00e9 Par\u00eds libreta A5 papel rayado | Libretas Escolofi Gallery","og_description":"Libreta Caf\u00e9 Par\u00eds. La libreta que hemos bautizado con el nombre de Caf\u00e9 Par\u00eds, es perfecta para gourmets, restauradores, decoradores, anticuarios ...","og_url":"https:\/\/escolofi.com\/store\/producto\/libreta-cafe-paris\/","og_site_name":"Tienda Escolofi","article_publisher":"https:\/\/www.facebook.com\/escolofi","article_modified_time":"2022-01-12T14:39:24+00:00","og_image":[{"width":850,"height":850,"url":"https:\/\/escolofi.com\/store\/wp-content\/uploads\/2017\/06\/25cafeparis-3.jpg","type":"image\/jpeg"}],"twitter_card":"summary_large_image","twitter_site":"@escolofi","twitter_misc":{"Tiempo de lectura":"1 minuto"},"schema":{"@context":"https:\/\/schema.org","@graph":[{"@type":"WebPage","@id":"https:\/\/escolofi.com\/store\/producto\/libreta-cafe-paris\/","url":"https:\/\/escolofi.com\/store\/producto\/libreta-cafe-paris\/","name":"Libreta caf\u00e9 Par\u00eds libreta A5 papel rayado | Libretas Escolofi Gallery","isPartOf":{"@id":"https:\/\/escolofi.com\/store\/#website"},"primaryImageOfPage":{"@id":"https:\/\/escolofi.com\/store\/producto\/libreta-cafe-paris\/#primaryimage"},"image":{"@id":"https:\/\/escolofi.com\/store\/producto\/libreta-cafe-paris\/#primaryimage"},"thumbnailUrl":"https:\/\/escolofi.com\/store\/wp-content\/uploads\/2017\/06\/25cafeparis-3.jpg","datePublished":"2017-06-07T11:15:51+00:00","dateModified":"2022-01-12T14:39:24+00:00","description":"Libreta Caf\u00e9 Par\u00eds. La libreta que hemos bautizado con el nombre de Caf\u00e9 Par\u00eds, es perfecta para gourmets, restauradores, decoradores, anticuarios ...","breadcrumb":{"@id":"https:\/\/escolofi.com\/store\/producto\/libreta-cafe-paris\/#breadcrumb"},"inLanguage":"es","potentialAction":[{"@type":"ReadAction","target":["https:\/\/escolofi.com\/store\/producto\/libreta-cafe-paris\/"]}]},{"@type":"ImageObject","inLanguage":"es","@id":"https:\/\/escolofi.com\/store\/producto\/libreta-cafe-paris\/#primaryimage","url":"https:\/\/escolofi.com\/store\/wp-content\/uploads\/2017\/06\/25cafeparis-3.jpg","contentUrl":"https:\/\/escolofi.com\/store\/wp-content\/uploads\/2017\/06\/25cafeparis-3.jpg","width":850,"height":850},{"@type":"BreadcrumbList","@id":"https:\/\/escolofi.com\/store\/producto\/libreta-cafe-paris\/#breadcrumb","itemListElement":[{"@type":"ListItem","position":1,"name":"Portada","item":"https:\/\/escolofi.com\/store\/"},{"@type":"ListItem","position":2,"name":"Shop","item":"https:\/\/escolofi.com\/store\/shop\/"},{"@type":"ListItem","position":3,"name":"LIBRETA CAFE PARIS A5"}]},{"@type":"WebSite","@id":"https:\/\/escolofi.com\/store\/#website","url":"https:\/\/escolofi.com\/store\/","name":"Escolofi Gallery","description":"","publisher":{"@id":"https:\/\/escolofi.com\/store\/#organization"},"potentialAction":[{"@type":"SearchAction","target":{"@type":"EntryPoint","urlTemplate":"https:\/\/escolofi.com\/store\/?s={search_term_string}"},"query-input":{"@type":"PropertyValueSpecification","valueRequired":true,"valueName":"search_term_string"}}],"inLanguage":"es"},{"@type":"Organization","@id":"https:\/\/escolofi.com\/store\/#organization","name":"Escolofi Gallery","url":"https:\/\/escolofi.com\/store\/","logo":{"@type":"ImageObject","inLanguage":"es","@id":"https:\/\/escolofi.com\/store\/#\/schema\/logo\/image\/","url":"https:\/\/escolofi.com\/store\/wp-content\/uploads\/2019\/10\/Logo-EscoGallery.png","contentUrl":"https:\/\/escolofi.com\/store\/wp-content\/uploads\/2019\/10\/Logo-EscoGallery.png","width":149,"height":75,"caption":"Escolofi Gallery"},"image":{"@id":"https:\/\/escolofi.com\/store\/#\/schema\/logo\/image\/"},"sameAs":["https:\/\/www.facebook.com\/escolofi","https:\/\/x.com\/escolofi","https:\/\/www.instagram.com\/escolofigallery\/","https:\/\/www.youtube.com\/channel\/UCmyVeNxKyzFk7lL0oxHhVRw"]}]}},"_links":{"self":[{"href":"https:\/\/escolofi.com\/store\/wp-json\/wp\/v2\/product\/584","targetHints":{"allow":["GET"]}}],"collection":[{"href":"https:\/\/escolofi.com\/store\/wp-json\/wp\/v2\/product"}],"about":[{"href":"https:\/\/escolofi.com\/store\/wp-json\/wp\/v2\/types\/product"}],"replies":[{"embeddable":true,"href":"https:\/\/escolofi.com\/store\/wp-json\/wp\/v2\/comments?post=584"}],"wp:featuredmedia":[{"embeddable":true,"href":"https:\/\/escolofi.com\/store\/wp-json\/wp\/v2\/media\/2405"}],"wp:attachment":[{"href":"https:\/\/escolofi.com\/store\/wp-json\/wp\/v2\/media?parent=584"}],"wp:term":[{"taxonomy":"product_brand","embeddable":true,"href":"https:\/\/escolofi.com\/store\/wp-json\/wp\/v2\/product_brand?post=584"},{"taxonomy":"product_cat","embeddable":true,"href":"https:\/\/escolofi.com\/store\/wp-json\/wp\/v2\/product_cat?post=584"},{"taxonomy":"product_tag","embeddable":true,"href":"https:\/\/escolofi.com\/store\/wp-json\/wp\/v2\/product_tag?post=584"}],"curies":[{"name":"wp","href":"https:\/\/api.w.org\/{rel}","templated":true}]}}